{"id":978,"date":"2022-05-24T20:33:10","date_gmt":"2022-05-24T20:33:10","guid":{"rendered":"https:\/\/convimus.com\/?page_id=978"},"modified":"2026-04-15T00:11:41","modified_gmt":"2026-04-14T23:11:41","slug":"eliseu-silva","status":"publish","type":"page","link":"https:\/\/convimus.com\/en\/eliseu-silva\/","title":{"rendered":"Eliseu Silva"},"content":{"rendered":"<div data-elementor-type=\"wp-page\" data-elementor-id=\"978\" class=\"elementor elementor-978\">\n\t\t\t\t\t\t<section class=\"elementor-section elementor-top-section elementor-element elementor-element-83dd1cc elementor-section-boxed elementor-section-height-default elementor-section-height-default\" data-id=\"83dd1cc\" data-element_type=\"section\" data-e-type=\"section\">\n\t\t\t\t\t\t<div class=\"elementor-container elementor-column-gap-default\">\n\t\t\t\t\t<div class=\"elementor-column elementor-col-100 elementor-top-column elementor-element elementor-element-4301bb4\" data-id=\"4301bb4\" data-element_type=\"column\" data-e-type=\"column\">\n\t\t\t<div class=\"elementor-widget-wrap elementor-element-populated\">\n\t\t\t\t\t\t<div class=\"elementor-element elementor-element-d4ed7a3 elementor-widget elementor-widget-heading\" data-id=\"d4ed7a3\" data-element_type=\"widget\" data-e-type=\"widget\" data-widget_type=\"heading.default\">\n\t\t\t\t<div class=\"elementor-widget-container\">\n\t\t\t\t\t<h1 class=\"elementor-heading-title elementor-size-default\">Eliseu Silva, Violin<\/h1>\t\t\t\t<\/div>\n\t\t\t\t<\/div>\n\t\t\t\t\t<\/div>\n\t\t<\/div>\n\t\t\t\t\t<\/div>\n\t\t<\/section>\n\t\t\t\t<section class=\"elementor-section elementor-top-section elementor-element elementor-element-61300a6 elementor-section-boxed elementor-section-height-default elementor-section-height-default\" data-id=\"61300a6\" data-element_type=\"section\" data-e-type=\"section\">\n\t\t\t\t\t\t<div class=\"elementor-container elementor-column-gap-default\">\n\t\t\t\t\t<div class=\"elementor-column elementor-col-50 elementor-top-column elementor-element elementor-element-ab3ce3b\" data-id=\"ab3ce3b\" data-element_type=\"column\" data-e-type=\"column\">\n\t\t\t<div class=\"elementor-widget-wrap elementor-element-populated\">\n\t\t\t\t\t\t<div class=\"elementor-element elementor-element-44c5234 elementor-widget elementor-widget-image\" data-id=\"44c5234\" data-element_type=\"widget\" data-e-type=\"widget\" data-widget_type=\"image.default\">\n\t\t\t\t<div class=\"elementor-widget-container\">\n\t\t\t\t\t\t\t\t\t\t\t\t\t\t\t<img fetchpriority=\"high\" decoding=\"async\" width=\"578\" height=\"642\" src=\"https:\/\/convimus.com\/wp-content\/uploads\/2024\/03\/eliseu_silva.jpg\" class=\"attachment-large size-large wp-image-2447\" alt=\"\" srcset=\"https:\/\/convimus.com\/wp-content\/uploads\/2024\/03\/eliseu_silva.jpg 578w, https:\/\/convimus.com\/wp-content\/uploads\/2024\/03\/eliseu_silva-270x300.jpg 270w, https:\/\/convimus.com\/wp-content\/uploads\/2024\/03\/eliseu_silva-11x12.jpg 11w\" sizes=\"(max-width: 578px) 100vw, 578px\" \/>\t\t\t\t\t\t\t\t\t\t\t\t\t\t\t<\/div>\n\t\t\t\t<\/div>\n\t\t\t\t\t<\/div>\n\t\t<\/div>\n\t\t\t\t<div class=\"elementor-column elementor-col-50 elementor-top-column elementor-element elementor-element-113b77b\" data-id=\"113b77b\" data-element_type=\"column\" data-e-type=\"column\">\n\t\t\t<div class=\"elementor-widget-wrap elementor-element-populated\">\n\t\t\t\t\t\t<div class=\"elementor-element elementor-element-5a3b581 elementor-widget elementor-widget-text-editor\" data-id=\"5a3b581\" data-element_type=\"widget\" data-e-type=\"widget\" data-widget_type=\"text-editor.default\">\n\t\t\t\t<div class=\"elementor-widget-container\">\n\t\t\t\t\t\t\t\t\t<div style=\"text-align: justify; font-weight: 400;\"><p class=\"translation-block\">Eliseu Antunes Pereira Gomes da Silva, who holds a doctorate with distinction and is a specialist in music, is a conductor and violinist with an international career, pedagogue and artistic director of festivals. He has had the opportunity to play for important figures on the world stage, such as the Presidency of the European Commission, the Japanese Emperor, Spanish royalty, various Portuguese presidents and rulers, among others. He has been a jury member at various national and international violin competitions, including the Alice and Eleonor Schoenfeld International Violin Competition, the Hong Kong International Competitions, the Talents for Europe International Violin Competition, the Wanda Wilkomirska International Violin Competition, the Music and Stars Award and the Guimar\u00e3es International Violin Competition. He has given several recitals and concerts as a soloist and in chamber music throughout Portugal and in countries such as Japan, China, Australia, Germany, Spain, Switzerland, France, Slovakia, Romania, Belgium, Holland, Italy, England, Malta, Hong Kong and Macau. He was co-coordinator of the Hong Kong International Music Festival, where he conducted the festival orchestra, the Macau Chamber Orchestra and the Schenzen Symphony Orchestra in China. He has played as a soloist with several orchestras conducted by various international conductors, such as Leon Spierer, Jean-Christophe Gautier, Anna Wirtsbuch, Colin Touchin, Julius Mickalsky, Christian Briard, Ant\u00f3nio Saiote, Ces\u00e1rio Costa, Ivo Castro and others. He has given several Master Classes in Portugal, China and Australia, including Shanghai University, Beijing, Tinjin, QinDao, Darwin, Bratislava and others. Eliseu Silva composed 24 Fado caprices to commemorate the 240th anniversary of the birth of Nicoll\u00f3 Paganini and the 10th anniversary of Fado being recognized as an intangible heritage of humanity. Eliseu has made several recordings for R\u00e1dio Portuguesa Antena 2, recorded for Deutsch Gramophone and Munich Re Group with conductor Pierre Boulez and the Gustav Mahler Jungendorchestre. He has won several prizes in national and international violin competitions, including the Yamaha Music Foundation of Europe International Competition, the Malta International Violin Competition, the Antena2 Young Musicians Prize, the J\u00falio Cardona International Violin Competition, the Estoril International Interpretation Competition and others. He has received several merit diplomas and scholarships as the best student of 2003 and 2004 from the I.P.P. In 2013, he won a competition promoted by the Portuguese National Culture Center, with the aim of supporting the most interesting project in music at a national level. He finished his PhD in Musicology - Performance and Interpretation with distinction in 2020, in a partnership between the University of \u00c9vora, the University of Porto and the biomechanics laboratory LABIOMEP, with several articles published in various international journals, such as Springer Nature Switzerland AG, and RISTI, indexed in Scopus and ISI Web of Knowledge. He obtained the title of Specialist in July 2016 from the Polytechnic Institute of Lisbon. He was invited by Professor Uwe-Martin Heiberg to join his class at the Hochschule fur Musik Hanns Eisler Berlin. He did a postgraduate course in performance and completed a master's degree in Pedagogy and another in Orchestra and Music and Instrument Teaching. He studied Psychology at the University of Porto. He finished all the main cycles of study at the Porto Conservatoire and the University with the highest marks. As a teacher, his students have been invited to play in the world's leading concert halls, such as Carnegie Hall in New York, Beethoven House in Bonn, Germany, the Mozarteum in Salzburg, Austria, among others. He is resident conductor of the Bonj\u00f3ia Porto Youth Orchestra, an organization based at the Silva Monteiro Music Course and supported by Porto City Council, the Ministry of Education, BPI bank and Bial. He finished his master's degree in 2010 with an orchestral conducting project. He took conducting lessons with Jean Sebastien Bereau, Jean Marc Bourfin, Ernst Schelle and Neemi and Kristian Jarvi. He has conducted several orchestras in Portugal, China, Hong Kong, Slovakia and France. Several solo violin pieces, sonatas and a violin concerto by Portuguese composers have been dedicated to him. He was a professor at ESMAE - Porto's School of Music and Performing Arts and currently teaches at the Silva Monteiro Music Course and the Guilhermina Suggia School and at the Catholic University of Porto. He is resident conductor of the Bonj\u00f3ia Youth Orchestra and the Ant\u00f3nio Fragoso Symphony Orchestra.<\/p><\/div>\t\t\t\t\t\t\t\t<\/div>\n\t\t\t\t<\/div>\n\t\t\t\t\t<\/div>\n\t\t<\/div>\n\t\t\t\t\t<\/div>\n\t\t<\/section>\n\t\t\t\t<section class=\"elementor-section elementor-top-section elementor-element elementor-element-8ae46c6 elementor-section-boxed elementor-section-height-default elementor-section-height-default\" data-id=\"8ae46c6\" data-element_type=\"section\" data-e-type=\"section\">\n\t\t\t\t\t\t<div class=\"elementor-container elementor-column-gap-default\">\n\t\t\t\t\t<div class=\"elementor-column elementor-col-100 elementor-top-column elementor-element elementor-element-1249c31\" data-id=\"1249c31\" data-element_type=\"column\" data-e-type=\"column\">\n\t\t\t<div class=\"elementor-widget-wrap elementor-element-populated\">\n\t\t\t\t\t\t<div class=\"elementor-element elementor-element-50b4091 elementor-align-center elementor-widget elementor-widget-button\" data-id=\"50b4091\" data-element_type=\"widget\" data-e-type=\"widget\" data-widget_type=\"button.default\">\n\t\t\t\t<div class=\"elementor-widget-container\">\n\t\t\t\t\t\t\t\t\t<div class=\"elementor-button-wrapper\">\n\t\t\t\t\t<a class=\"elementor-button elementor-button-link elementor-size-sm elementor-animation-grow\" href=\"https:\/\/convimus.com\/en\/artists\/\">\n\t\t\t\t\t\t<span class=\"elementor-button-content-wrapper\">\n\t\t\t\t\t\t<span class=\"elementor-button-icon\">\n\t\t\t\t<i aria-hidden=\"true\" class=\"fas fa-arrow-left\"><\/i>\t\t\t<\/span>\n\t\t\t\t\t\t\t\t<\/span>\n\t\t\t\t\t<\/a>\n\t\t\t\t<\/div>\n\t\t\t\t\t\t\t\t<\/div>\n\t\t\t\t<\/div>\n\t\t\t\t\t<\/div>\n\t\t<\/div>\n\t\t\t\t\t<\/div>\n\t\t<\/section>\n\t\t\t\t<\/div>","protected":false},"excerpt":{"rendered":"<p>Eliseu Silva, Violin Eliseu Antunes Pereira Gomes da Silva, \u00e9 Doutorado com distin\u00e7\u00e3o e Especialista em M\u00fasica, \u00e9 maestro e violinista de carreira internacional, pedagogo e diretor art\u00edstico de festivais. Teve a oportunidade de tocar para altas entidades no panorama mundial, como a Presid\u00eancia da comiss\u00e3o europeia, o Imperador Japon\u00eas, a realeza espanhola, diversos presidentes [&hellip;]<\/p>\n","protected":false},"author":1,"featured_media":0,"parent":0,"menu_order":0,"comment_status":"closed","ping_status":"closed","template":"elementor_header_footer","meta":{"footnotes":""},"class_list":["post-978","page","type-page","status-publish","hentry"],"_links":{"self":[{"href":"https:\/\/convimus.com\/en\/wp-json\/wp\/v2\/pages\/978","targetHints":{"allow":["GET"]}}],"collection":[{"href":"https:\/\/convimus.com\/en\/wp-json\/wp\/v2\/pages"}],"about":[{"href":"https:\/\/convimus.com\/en\/wp-json\/wp\/v2\/types\/page"}],"author":[{"embeddable":true,"href":"https:\/\/convimus.com\/en\/wp-json\/wp\/v2\/users\/1"}],"replies":[{"embeddable":true,"href":"https:\/\/convimus.com\/en\/wp-json\/wp\/v2\/comments?post=978"}],"version-history":[{"count":32,"href":"https:\/\/convimus.com\/en\/wp-json\/wp\/v2\/pages\/978\/revisions"}],"predecessor-version":[{"id":4396,"href":"https:\/\/convimus.com\/en\/wp-json\/wp\/v2\/pages\/978\/revisions\/4396"}],"wp:attachment":[{"href":"https:\/\/convimus.com\/en\/wp-json\/wp\/v2\/media?parent=978"}],"curies":[{"name":"wp","href":"https:\/\/api.w.org\/{rel}","templated":true}]}}