{"id":916,"date":"2022-05-24T16:13:20","date_gmt":"2022-05-24T16:13:20","guid":{"rendered":"https:\/\/convimus.com\/?page_id=916"},"modified":"2026-04-09T22:04:37","modified_gmt":"2026-04-09T21:04:37","slug":"faq","status":"publish","type":"page","link":"https:\/\/convimus.com\/en\/faq\/","title":{"rendered":"Perguntas Frequentes"},"content":{"rendered":"\t\t<div data-elementor-type=\"wp-page\" data-elementor-id=\"916\" class=\"elementor elementor-916\">\n\t\t\t\t\t\t<section class=\"elementor-section elementor-top-section elementor-element elementor-element-f758ba6 elementor-section-boxed elementor-section-height-default elementor-section-height-default\" data-id=\"f758ba6\" data-element_type=\"section\" data-e-type=\"section\">\n\t\t\t\t\t\t<div class=\"elementor-container elementor-column-gap-default\">\n\t\t\t\t\t<div class=\"elementor-column elementor-col-100 elementor-top-column elementor-element elementor-element-b155978\" data-id=\"b155978\" data-element_type=\"column\" data-e-type=\"column\">\n\t\t\t<div class=\"elementor-widget-wrap elementor-element-populated\">\n\t\t\t\t\t\t<div class=\"elementor-element elementor-element-714ab51 elementor-widget elementor-widget-heading\" data-id=\"714ab51\" data-element_type=\"widget\" data-e-type=\"widget\" data-widget_type=\"heading.default\">\n\t\t\t\t<div class=\"elementor-widget-container\">\n\t\t\t\t\t<h1 class=\"elementor-heading-title elementor-size-default\">PERGUNTAS FREQUENTES<\/h1>\t\t\t\t<\/div>\n\t\t\t\t<\/div>\n\t\t\t\t\t<\/div>\n\t\t<\/div>\n\t\t\t\t\t<\/div>\n\t\t<\/section>\n\t\t\t\t<section class=\"elementor-section elementor-top-section elementor-element elementor-element-4a69d7d elementor-section-boxed elementor-section-height-default elementor-section-height-default\" data-id=\"4a69d7d\" data-element_type=\"section\" data-e-type=\"section\">\n\t\t\t\t\t\t<div class=\"elementor-container elementor-column-gap-default\">\n\t\t\t\t\t<div class=\"elementor-column elementor-col-100 elementor-top-column elementor-element elementor-element-312005a\" data-id=\"312005a\" data-element_type=\"column\" data-e-type=\"column\">\n\t\t\t<div class=\"elementor-widget-wrap elementor-element-populated\">\n\t\t\t\t\t\t<div class=\"elementor-element elementor-element-54e8edf elementor-widget elementor-widget-toggle\" data-id=\"54e8edf\" data-element_type=\"widget\" data-e-type=\"widget\" data-widget_type=\"toggle.default\">\n\t\t\t\t<div class=\"elementor-widget-container\">\n\t\t\t\t\t\t\t<div class=\"elementor-toggle\">\n\t\t\t\t\t\t\t<div class=\"elementor-toggle-item\">\n\t\t\t\t\t<div id=\"elementor-tab-title-8901\" class=\"elementor-tab-title\" data-tab=\"1\" role=\"button\" aria-controls=\"elementor-tab-content-8901\" aria-expanded=\"false\">\n\t\t\t\t\t\t\t\t\t\t\t\t<span class=\"elementor-toggle-icon elementor-toggle-icon-left\" aria-hidden=\"true\">\n\t\t\t\t\t\t\t\t\t\t\t\t\t\t\t<span class=\"elementor-toggle-icon-closed\"><i class=\"fas fa-caret-right\"><\/i><\/span>\n\t\t\t\t\t\t\t\t<span class=\"elementor-toggle-icon-opened\"><i class=\"elementor-toggle-icon-opened fas fa-caret-up\"><\/i><\/span>\n\t\t\t\t\t\t\t\t\t\t\t\t\t<\/span>\n\t\t\t\t\t\t\t\t\t\t\t\t<a class=\"elementor-toggle-title\" tabindex=\"0\">Quem organizou o evento?<\/a>\n\t\t\t\t\t<\/div>\n\n\t\t\t\t\t<div id=\"elementor-tab-content-8901\" class=\"elementor-tab-content elementor-clearfix\" data-tab=\"1\" role=\"region\" aria-labelledby=\"elementor-tab-title-8901\"><div style=\"text-align: justify; font-weight: 400;\"><p align=\"justify\">No ano de 2026, a associa\u00e7\u00e3o AMASING, em estreita colabora\u00e7\u00e3o com a Uni\u00e3o de Freguesias de Aldoar, Foz do Douro e Nevogilde, realiza a 7.\u00aa edi\u00e7\u00e3o do CONVIMUS \u2013 Festival Internacional de M\u00fasica, sob a dire\u00e7\u00e3o art\u00edstica do maestro e violinista doutorado Eliseu Silva.<\/p><\/div><\/div>\n\t\t\t\t<\/div>\n\t\t\t\t\t\t\t<div class=\"elementor-toggle-item\">\n\t\t\t\t\t<div id=\"elementor-tab-title-8902\" class=\"elementor-tab-title\" data-tab=\"2\" role=\"button\" aria-controls=\"elementor-tab-content-8902\" aria-expanded=\"false\">\n\t\t\t\t\t\t\t\t\t\t\t\t<span class=\"elementor-toggle-icon elementor-toggle-icon-left\" aria-hidden=\"true\">\n\t\t\t\t\t\t\t\t\t\t\t\t\t\t\t<span class=\"elementor-toggle-icon-closed\"><i class=\"fas fa-caret-right\"><\/i><\/span>\n\t\t\t\t\t\t\t\t<span class=\"elementor-toggle-icon-opened\"><i class=\"elementor-toggle-icon-opened fas fa-caret-up\"><\/i><\/span>\n\t\t\t\t\t\t\t\t\t\t\t\t\t<\/span>\n\t\t\t\t\t\t\t\t\t\t\t\t<a class=\"elementor-toggle-title\" tabindex=\"0\">O evento \u00e9 gratuito?<\/a>\n\t\t\t\t\t<\/div>\n\n\t\t\t\t\t<div id=\"elementor-tab-content-8902\" class=\"elementor-tab-content elementor-clearfix\" data-tab=\"2\" role=\"region\" aria-labelledby=\"elementor-tab-title-8902\"><p align=\"justify\">Algumas atividades do evento s\u00e3o gratuitas, como os concertos di\u00e1rios e as exposi\u00e7\u00f5es. No entanto, o Concurso Nacional Jovem Violinista e o Concurso Internacional de M\u00fasica de C\u00e2mara, as Masterclasses e o Curso de Dire\u00e7\u00e3o Orquestral t\u00eam uma taxa de inscri\u00e7\u00e3o, de forma a podermos oferecer as melhores condi\u00e7\u00f5es aos participantes e trazer artistas brilhantes ao Porto.<\/p><\/div>\n\t\t\t\t<\/div>\n\t\t\t\t\t\t\t<div class=\"elementor-toggle-item\">\n\t\t\t\t\t<div id=\"elementor-tab-title-8903\" class=\"elementor-tab-title\" data-tab=\"3\" role=\"button\" aria-controls=\"elementor-tab-content-8903\" aria-expanded=\"false\">\n\t\t\t\t\t\t\t\t\t\t\t\t<span class=\"elementor-toggle-icon elementor-toggle-icon-left\" aria-hidden=\"true\">\n\t\t\t\t\t\t\t\t\t\t\t\t\t\t\t<span class=\"elementor-toggle-icon-closed\"><i class=\"fas fa-caret-right\"><\/i><\/span>\n\t\t\t\t\t\t\t\t<span class=\"elementor-toggle-icon-opened\"><i class=\"elementor-toggle-icon-opened fas fa-caret-up\"><\/i><\/span>\n\t\t\t\t\t\t\t\t\t\t\t\t\t<\/span>\n\t\t\t\t\t\t\t\t\t\t\t\t<a class=\"elementor-toggle-title\" tabindex=\"0\">O evento \u00e9 s\u00f3 para violinistas?<\/a>\n\t\t\t\t\t<\/div>\n\n\t\t\t\t\t<div id=\"elementor-tab-content-8903\" class=\"elementor-tab-content elementor-clearfix\" data-tab=\"3\" role=\"region\" aria-labelledby=\"elementor-tab-title-8903\"><p align=\"justify\">O Concurso Nacional Jovem Violinista \u00e9 destinado a violinistas, contudo o Concurso Internacional de M\u00fasica de C\u00e2mara \u00e9 destinados a instrumentos de cordas friccionadas e dedilhadas, a instrumentistas de sopros, teclas e canto. Relativamente \u00e0s masterclasses, teremos masterclasses de violino, flauta transversal, piano e m\u00fasica de c\u00e2mara. As exposi\u00e7\u00f5es s\u00e3o abertas a todo o p\u00fablico. Al\u00e9m disso, os concertos di\u00e1rios apresentam grupos e estilos variados, sendo assim convidativo para todos os tipos de p\u00fablico.<\/p><\/div>\n\t\t\t\t<\/div>\n\t\t\t\t\t\t\t<div class=\"elementor-toggle-item\">\n\t\t\t\t\t<div id=\"elementor-tab-title-8904\" class=\"elementor-tab-title\" data-tab=\"4\" role=\"button\" aria-controls=\"elementor-tab-content-8904\" aria-expanded=\"false\">\n\t\t\t\t\t\t\t\t\t\t\t\t<span class=\"elementor-toggle-icon elementor-toggle-icon-left\" aria-hidden=\"true\">\n\t\t\t\t\t\t\t\t\t\t\t\t\t\t\t<span class=\"elementor-toggle-icon-closed\"><i class=\"fas fa-caret-right\"><\/i><\/span>\n\t\t\t\t\t\t\t\t<span class=\"elementor-toggle-icon-opened\"><i class=\"elementor-toggle-icon-opened fas fa-caret-up\"><\/i><\/span>\n\t\t\t\t\t\t\t\t\t\t\t\t\t<\/span>\n\t\t\t\t\t\t\t\t\t\t\t\t<a class=\"elementor-toggle-title\" tabindex=\"0\">Tenho algumas d\u00favidas, como vos posso contactar?<\/a>\n\t\t\t\t\t<\/div>\n\n\t\t\t\t\t<div id=\"elementor-tab-content-8904\" class=\"elementor-tab-content elementor-clearfix\" data-tab=\"4\" role=\"region\" aria-labelledby=\"elementor-tab-title-8904\"><p align=\"justify\">Podes falar connosco atrav\u00e9s do email geral@amasing.pt, ou atrav\u00e9s das nossas redes sociais:<\/p><p><span style=\"font-weight: 400;\"> Instagram <a href=\"https:\/\/www.instagram.com\/convimus\/\">@convimus<\/a><\/span><\/p><p><span style=\"font-weight: 400;\">\u00a0Facebook <a href=\"https:\/\/www.facebook.com\/convimus\/\">@convimus<\/a><\/span><\/p><\/div>\n\t\t\t\t<\/div>\n\t\t\t\t\t\t\t\t\t\t<script type=\"application\/ld+json\">{\"@context\":\"https:\\\/\\\/schema.org\",\"@type\":\"FAQPage\",\"mainEntity\":[{\"@type\":\"Question\",\"name\":\"Quem organizou o evento?\",\"acceptedAnswer\":{\"@type\":\"Answer\",\"text\":\"<div style=\\\"text-align: justify; font-weight: 400;\\\"><p align=\\\"justify\\\">No ano de 2026, a associa\\u00e7\\u00e3o AMASING, em estreita colabora\\u00e7\\u00e3o com a Uni\\u00e3o de Freguesias de Aldoar, Foz do Douro e Nevogilde, realiza a 7.\\u00aa edi\\u00e7\\u00e3o do CONVIMUS \\u2013 Festival Internacional de M\\u00fasica, sob a dire\\u00e7\\u00e3o art\\u00edstica do maestro e violinista doutorado Eliseu Silva.<\\\/p><\\\/div>\"}},{\"@type\":\"Question\",\"name\":\"O evento \\u00e9 gratuito?\",\"acceptedAnswer\":{\"@type\":\"Answer\",\"text\":\"<p align=\\\"justify\\\">Algumas atividades do evento s\\u00e3o gratuitas, como os concertos di\\u00e1rios e as exposi\\u00e7\\u00f5es. No entanto, o Concurso Nacional Jovem Violinista e o Concurso Internacional de M\\u00fasica de C\\u00e2mara, as Masterclasses e o Curso de Dire\\u00e7\\u00e3o Orquestral t\\u00eam uma taxa de inscri\\u00e7\\u00e3o, de forma a podermos oferecer as melhores condi\\u00e7\\u00f5es aos participantes e trazer artistas brilhantes ao Porto.<\\\/p>\"}},{\"@type\":\"Question\",\"name\":\"O evento \\u00e9 s\\u00f3 para violinistas?\",\"acceptedAnswer\":{\"@type\":\"Answer\",\"text\":\"<p align=\\\"justify\\\">O Concurso Nacional Jovem Violinista \\u00e9 destinado a violinistas, contudo o Concurso Internacional de M\\u00fasica de C\\u00e2mara \\u00e9 destinados a instrumentos de cordas friccionadas e dedilhadas, a instrumentistas de sopros, teclas e canto. Relativamente \\u00e0s masterclasses, teremos masterclasses de violino, flauta transversal, piano e m\\u00fasica de c\\u00e2mara. As exposi\\u00e7\\u00f5es s\\u00e3o abertas a todo o p\\u00fablico. Al\\u00e9m disso, os concertos di\\u00e1rios apresentam grupos e estilos variados, sendo assim convidativo para todos os tipos de p\\u00fablico.<\\\/p>\"}},{\"@type\":\"Question\",\"name\":\"Tenho algumas d\\u00favidas, como vos posso contactar?\",\"acceptedAnswer\":{\"@type\":\"Answer\",\"text\":\"<p align=\\\"justify\\\">Podes falar connosco atrav\\u00e9s do email geral@amasing.pt, ou atrav\\u00e9s das nossas redes sociais:<\\\/p><p><span style=\\\"font-weight: 400;\\\"> Instagram <a href=\\\"https:\\\/\\\/www.instagram.com\\\/convimus\\\/\\\">@convimus<\\\/a><\\\/span><\\\/p><p><span style=\\\"font-weight: 400;\\\">\\u00a0Facebook <a href=\\\"https:\\\/\\\/www.facebook.com\\\/convimus\\\/\\\">@convimus<\\\/a><\\\/span><\\\/p>\"}}]}<\/script>\n\t\t\t\t\t<\/div>\n\t\t\t\t\t\t<\/div>\n\t\t\t\t<\/div>\n\t\t\t\t\t<\/div>\n\t\t<\/div>\n\t\t\t\t\t<\/div>\n\t\t<\/section>\n\t\t\t\t<section class=\"elementor-section elementor-top-section elementor-element elementor-element-eee3c10 elementor-section-boxed elementor-section-height-default elementor-section-height-default\" data-id=\"eee3c10\" data-element_type=\"section\" data-e-type=\"section\">\n\t\t\t\t\t\t<div class=\"elementor-container elementor-column-gap-default\">\n\t\t\t\t\t<div class=\"elementor-column elementor-col-100 elementor-top-column elementor-element elementor-element-3d77cda\" data-id=\"3d77cda\" data-element_type=\"column\" data-e-type=\"column\">\n\t\t\t<div class=\"elementor-widget-wrap elementor-element-populated\">\n\t\t\t\t\t\t<div class=\"elementor-element elementor-element-ee645a7 elementor-widget elementor-widget-spacer\" data-id=\"ee645a7\" data-element_type=\"widget\" data-e-type=\"widget\" data-widget_type=\"spacer.default\">\n\t\t\t\t<div class=\"elementor-widget-container\">\n\t\t\t\t\t\t\t<div class=\"elementor-spacer\">\n\t\t\t<div class=\"elementor-spacer-inner\"><\/div>\n\t\t<\/div>\n\t\t\t\t\t\t<\/div>\n\t\t\t\t<\/div>\n\t\t\t\t\t<\/div>\n\t\t<\/div>\n\t\t\t\t\t<\/div>\n\t\t<\/section>\n\t\t\t\t<\/div>\n\t\t","protected":false},"excerpt":{"rendered":"<p>PERGUNTAS FREQUENTES Quem organizou o evento? No ano de 2026, a associa\u00e7\u00e3o AMASING, em estreita colabora\u00e7\u00e3o com a Uni\u00e3o de Freguesias de Aldoar, Foz do Douro e Nevogilde, realiza a 7.\u00aa edi\u00e7\u00e3o do CONVIMUS \u2013 Festival Internacional de M\u00fasica, sob a dire\u00e7\u00e3o art\u00edstica do maestro e violinista doutorado Eliseu Silva. O evento \u00e9 gratuito? Algumas [&hellip;]<\/p>\n","protected":false},"author":1,"featured_media":0,"parent":0,"menu_order":0,"comment_status":"closed","ping_status":"closed","template":"elementor_header_footer","meta":{"footnotes":""},"class_list":["post-916","page","type-page","status-publish","hentry"],"_links":{"self":[{"href":"https:\/\/convimus.com\/en\/wp-json\/wp\/v2\/pages\/916","targetHints":{"allow":["GET"]}}],"collection":[{"href":"https:\/\/convimus.com\/en\/wp-json\/wp\/v2\/pages"}],"about":[{"href":"https:\/\/convimus.com\/en\/wp-json\/wp\/v2\/types\/page"}],"author":[{"embeddable":true,"href":"https:\/\/convimus.com\/en\/wp-json\/wp\/v2\/users\/1"}],"replies":[{"embeddable":true,"href":"https:\/\/convimus.com\/en\/wp-json\/wp\/v2\/comments?post=916"}],"version-history":[{"count":63,"href":"https:\/\/convimus.com\/en\/wp-json\/wp\/v2\/pages\/916\/revisions"}],"predecessor-version":[{"id":4227,"href":"https:\/\/convimus.com\/en\/wp-json\/wp\/v2\/pages\/916\/revisions\/4227"}],"wp:attachment":[{"href":"https:\/\/convimus.com\/en\/wp-json\/wp\/v2\/media?parent=916"}],"curies":[{"name":"wp","href":"https:\/\/api.w.org\/{rel}","templated":true}]}}