{"id":676,"date":"2022-05-11T14:06:12","date_gmt":"2022-05-11T14:06:12","guid":{"rendered":"https:\/\/convimus.com\/?page_id=676"},"modified":"2026-04-09T23:13:19","modified_gmt":"2026-04-09T22:13:19","slug":"ole-bohn","status":"publish","type":"page","link":"https:\/\/convimus.com\/en\/ole-bohn\/","title":{"rendered":"OLE B\u00d6HN"},"content":{"rendered":"<div data-elementor-type=\"wp-page\" data-elementor-id=\"676\" class=\"elementor elementor-676\">\n\t\t\t\t\t\t<section class=\"elementor-section elementor-top-section elementor-element elementor-element-454fda3 elementor-section-boxed elementor-section-height-default elementor-section-height-default\" data-id=\"454fda3\" data-element_type=\"section\" data-e-type=\"section\">\n\t\t\t\t\t\t<div class=\"elementor-container elementor-column-gap-default\">\n\t\t\t\t\t<div class=\"elementor-column elementor-col-100 elementor-top-column elementor-element elementor-element-e95530e\" data-id=\"e95530e\" data-element_type=\"column\" data-e-type=\"column\">\n\t\t\t<div class=\"elementor-widget-wrap elementor-element-populated\">\n\t\t\t\t\t\t<div class=\"elementor-element elementor-element-4ed9f31 elementor-widget elementor-widget-heading\" data-id=\"4ed9f31\" data-element_type=\"widget\" data-e-type=\"widget\" data-widget_type=\"heading.default\">\n\t\t\t\t<div class=\"elementor-widget-container\">\n\t\t\t\t\t<h1 class=\"elementor-heading-title elementor-size-default\">Ole B\u00f6hn, Violin<\/h1>\t\t\t\t<\/div>\n\t\t\t\t<\/div>\n\t\t\t\t\t<\/div>\n\t\t<\/div>\n\t\t\t\t\t<\/div>\n\t\t<\/section>\n\t\t\t\t<section class=\"elementor-section elementor-top-section elementor-element elementor-element-315b48d elementor-section-boxed elementor-section-height-default elementor-section-height-default\" data-id=\"315b48d\" data-element_type=\"section\" data-e-type=\"section\">\n\t\t\t\t\t\t<div class=\"elementor-container elementor-column-gap-default\">\n\t\t\t\t\t<div class=\"elementor-column elementor-col-33 elementor-top-column elementor-element elementor-element-96e88bd\" data-id=\"96e88bd\" data-element_type=\"column\" data-e-type=\"column\">\n\t\t\t<div class=\"elementor-widget-wrap elementor-element-populated\">\n\t\t\t\t\t\t<div class=\"elementor-element elementor-element-768baed elementor-widget elementor-widget-image\" data-id=\"768baed\" data-element_type=\"widget\" data-e-type=\"widget\" data-widget_type=\"image.default\">\n\t\t\t\t<div class=\"elementor-widget-container\">\n\t\t\t\t\t\t\t\t\t\t\t\t\t\t\t<img fetchpriority=\"high\" decoding=\"async\" width=\"358\" height=\"329\" src=\"https:\/\/convimus.com\/wp-content\/uploads\/2022\/05\/ob.png\" class=\"attachment-large size-large wp-image-671\" alt=\"\" srcset=\"https:\/\/convimus.com\/wp-content\/uploads\/2022\/05\/ob.png 358w, https:\/\/convimus.com\/wp-content\/uploads\/2022\/05\/ob-300x276.png 300w\" sizes=\"(max-width: 358px) 100vw, 358px\" \/>\t\t\t\t\t\t\t\t\t\t\t\t\t\t\t<\/div>\n\t\t\t\t<\/div>\n\t\t\t\t\t<\/div>\n\t\t<\/div>\n\t\t\t\t<div class=\"elementor-column elementor-col-66 elementor-top-column elementor-element elementor-element-5df089f\" data-id=\"5df089f\" data-element_type=\"column\" data-e-type=\"column\">\n\t\t\t<div class=\"elementor-widget-wrap elementor-element-populated\">\n\t\t\t\t\t\t<div class=\"elementor-element elementor-element-93b0c3b elementor-widget elementor-widget-text-editor\" data-id=\"93b0c3b\" data-element_type=\"widget\" data-e-type=\"widget\" data-widget_type=\"text-editor.default\">\n\t\t\t\t<div class=\"elementor-widget-container\">\n\t\t\t\t\t\t\t\t\t<div style=\"text-align: justify; font-weight: 400;\">\n\nNorwegian violinist Ole B\u00f6hn has an extensive career as soloist, chamber musician and teacher. In 1990, Ole B\u00f6hn performed the world premiere of Elliott Carter\u2019s violin concerto with the San Francisco Symphony Orchestra. He has premiered this concerto, which was written and dedicated to him, with major orchestras in Europe and the USA. His recording of the concerto on Virgin Classics was named one of the best recordings in 1992 by Gramophone. Fanfare magazine wrote in July 1993: \u201cThis version is Hall of Fame quality. Ole B\u00f6hn gives a heroic account of the soloist role. He has comfortably within his grasp all the difficult intervals and expressive resources and makes the music sing.\u201d in 1994 this recording gave the composer the prestigious \u201cGrammy Award\u201d in the category \u201cbest contemporary composition\u201d. After his concert with the Cleveland Orchestra in 1993 the Plain Dealer critic wrote: \u201cB\u00f6hn gave a tour de force of the solo part, playing with intrepid power, crisp attack and sensuous detail.\u201d describing the performance given by Ole B\u00f6hn at Carnegie Hall in 1992, David Schiff of the New York Times wrote: \u201cOle B\u00f6hn projects every nuance as a great dramatic singer.\u201d After a New York recital in 1995, New York Times wrote: \u201cOle B\u00f6hn played throughout the evening with great authority and tireless delivery.\u201d The Boston Phoenix wrote after his performance of the Kurt Weill concert in 2002: \u201cOle Bohn played the solo part beautifully.\u201d The African Art Smart wrote after his performance of the Dvorak violin concerto with the KZN Philharmonic in Durban in 2005: \u201cOle Bohn has a dark and full sonority, as this work demands. In addition, he displayed well-balanced phrasing and nuances.\u201d In 2008 David Hurwitz of Classicstoday wrote after Ole B\u00f6hn\u2019s live recording of Roger Sessions\u2019 violin concerto on Albany Records: the \u201cOle B\u00f6hn turns what must be a terribly difficult part to play into a remarkable and reliable performance. His sound remains warm and his tuning precise throughout his scale, and the jerky rhythms of the scherzo and Finale show no fear on his part\u201d. Since his debut in 1969, Ole B\u00f6hn has played regularly with orchestras in Europe, the USA and South America. In 1983, he played for the People\u2019s Republic of China. he has worked with conductors such as Moshe Atzmon, Herbert Blomstedt, James Conlon, Lukas Foss, Heinz Fricke, Michael Giehlen, Imre Pallo, Marek Janowski, Franz Welser-M\u00f6st, and Oliver Knussen. Ole B\u00f6hn\u2019s repertoire is very varied and ranges from the baroque to the present day. His programmes are always innovative and exciting. Besides Elliott Carter, composers such as Niels Viggo Bentzon, Noel Lee, IB N\u00f8rholm, Pascal Dusapin, Saed Haddad and Arne Nordheim have written for him. Ole B\u00f6hn is a great advocate of 20th and 21st century music and has become one of the leading interpreters of contemporary American music in Scandinavia. As a chamber musician, Ole B\u00f6hn was for 12 years a member of the trio du Nord, which in 1975 won the UNESCO competition in Bratislava. From 1997-2001 he was first violinist of the Leonardo Quartet and first violinist and founding member of the Vigeland Quartet from 2004-2008. Mr. B\u00f6hn is a frequent guest at numerous chamber music festivals. He also gives a large number of recitals. As a teacher B\u00f6hn is widely recognised. His students come from all over the world and he teaches in seven languages. Many of his students have received international awards and won places in various leading orchestras in Europe, South America and the USA. In March 2009, Ole B\u00f6hn joined the faculty of the Sydney Conservatorium of Music. He has taught at the Royal Danish Conservatoire and the Conservatoire of Music in Oslo. He has taught at the Eastman School of Music, the Norwegian State Academy of Music, the Gedai Institute in Tokyo and the University of Northern Illinois. He taught for several years at the Officina da musica in Curitiba, Brazil during their summer courses and has taught every year at the pro musica and CINVES Festival in Juiz de Fora, Brazil. Since 2013 he is also on the faculty of FEMUSC in Brazil. In the spring semester 2005 he taught at the Oberlin Conservatory in the USA. Ole B\u00f6hn studied with Louise Behrend at the Juilliard School of Music, with Ernst Glaser in Oslo, Henry Holst at the Royal Danish Conservatory of Music, and with Max Rostal at the Statliche Hochschule f\u00fcr Musik in Cologne. Ole B\u00f6hn lives partly in Sydney and in Oslo, Norway and is Concertmaster Emeritus of the Norwegian National Opera after having been First Concertmaster for 30 years. He has held the position of Concertmaster in the Copenhagen Symphony Orchestra and worked for shorter periods as Concertmaster of the Oslo Philharmonic Orchestra, Teatro del Fenice in Venice, Theatro Municipal, Rio de Janeiro, the Residentie orchestra in Den Haag, Cape Town Symphony Orchestra, Beethoven Orchestra, Bonn and the Hamburg State Opera. He is a commander of the order of the Norwegian Artists\u2019 Association. In 2002, he became the first recipient of the \u201cFartein Valen\u201d award given to a musician who has made an \u201coutstanding contribution to the performance of Fartein Valen music and contemporary music in general \u201c. The City of Oslo awarded Ole B\u00f6hn the \u201cBydelspris 2007\u201d for his contribution to his municipality. In 2007, the Norwegian Opera Foundation awarded Ole B\u00f6hn the prestigious \u201cAugusta Jerwell\u201d award for his \u201coutstanding contribution to the art of opera in Norway\u201d. The \u201cAssociation of the Friends of Norwegian Opera\u201d gave Ole B\u00f6hn the \u201chonorary award\u201d in 2008. In 2012, Ole B\u00f6hn was made an honorary member of the organisation of Danish soloists and in 2013 he became an honorary member of the National Federation of Norwegian musical artists. Ole B\u00f6hn uses a violin made by Giovanni Battista Guadagnini in 1766 and a Pecatte Domenic bow which were acquired for his use by the Nordea bank of Norway.\n\n<\/div>\t\t\t\t\t\t\t\t<\/div>\n\t\t\t\t<\/div>\n\t\t\t\t\t<\/div>\n\t\t<\/div>\n\t\t\t\t\t<\/div>\n\t\t<\/section>\n\t\t\t\t<section class=\"elementor-section elementor-top-section elementor-element elementor-element-77483a9 elementor-section-boxed elementor-section-height-default elementor-section-height-default\" data-id=\"77483a9\" data-element_type=\"section\" data-e-type=\"section\">\n\t\t\t\t\t\t<div class=\"elementor-container elementor-column-gap-default\">\n\t\t\t\t\t<div class=\"elementor-column elementor-col-100 elementor-top-column elementor-element elementor-element-b3102fa\" data-id=\"b3102fa\" data-element_type=\"column\" data-e-type=\"column\">\n\t\t\t<div class=\"elementor-widget-wrap elementor-element-populated\">\n\t\t\t\t\t\t<div class=\"elementor-element elementor-element-1067340 elementor-align-center elementor-widget elementor-widget-button\" data-id=\"1067340\" data-element_type=\"widget\" data-e-type=\"widget\" data-widget_type=\"button.default\">\n\t\t\t\t<div class=\"elementor-widget-container\">\n\t\t\t\t\t\t\t\t\t<div class=\"elementor-button-wrapper\">\n\t\t\t\t\t<a class=\"elementor-button elementor-button-link elementor-size-sm elementor-animation-grow\" href=\"https:\/\/convimus.com\/en\/artists\/\">\n\t\t\t\t\t\t<span class=\"elementor-button-content-wrapper\">\n\t\t\t\t\t\t<span class=\"elementor-button-icon\">\n\t\t\t\t<i aria-hidden=\"true\" class=\"fas fa-arrow-left\"><\/i>\t\t\t<\/span>\n\t\t\t\t\t\t\t\t<\/span>\n\t\t\t\t\t<\/a>\n\t\t\t\t<\/div>\n\t\t\t\t\t\t\t\t<\/div>\n\t\t\t\t<\/div>\n\t\t\t\t\t<\/div>\n\t\t<\/div>\n\t\t\t\t\t<\/div>\n\t\t<\/section>\n\t\t\t\t<\/div>","protected":false},"excerpt":{"rendered":"<p>Ole B\u00f6hn, Violino O violinista noruegu\u00eas Ole B\u00f6hn tem uma extensa carreira como solista, m\u00fasico de c\u00e2mara e professor. Em 1990, Ole B\u00f6hn realizou a estreia mundial do concerto para violino de Elliott Carter com a Orquestra Sinf\u00f3nica de S\u00e3o Francisco. Estreou este concerto, que foi escrito e dedicado a ele, com as principais orquestras [&hellip;]<\/p>\n","protected":false},"author":1,"featured_media":0,"parent":0,"menu_order":0,"comment_status":"closed","ping_status":"closed","template":"elementor_header_footer","meta":{"footnotes":""},"class_list":["post-676","page","type-page","status-publish","hentry"],"_links":{"self":[{"href":"https:\/\/convimus.com\/en\/wp-json\/wp\/v2\/pages\/676","targetHints":{"allow":["GET"]}}],"collection":[{"href":"https:\/\/convimus.com\/en\/wp-json\/wp\/v2\/pages"}],"about":[{"href":"https:\/\/convimus.com\/en\/wp-json\/wp\/v2\/types\/page"}],"author":[{"embeddable":true,"href":"https:\/\/convimus.com\/en\/wp-json\/wp\/v2\/users\/1"}],"replies":[{"embeddable":true,"href":"https:\/\/convimus.com\/en\/wp-json\/wp\/v2\/comments?post=676"}],"version-history":[{"count":25,"href":"https:\/\/convimus.com\/en\/wp-json\/wp\/v2\/pages\/676\/revisions"}],"predecessor-version":[{"id":4276,"href":"https:\/\/convimus.com\/en\/wp-json\/wp\/v2\/pages\/676\/revisions\/4276"}],"wp:attachment":[{"href":"https:\/\/convimus.com\/en\/wp-json\/wp\/v2\/media?parent=676"}],"curies":[{"name":"wp","href":"https:\/\/api.w.org\/{rel}","templated":true}]}}