{"id":4256,"date":"2026-04-09T22:52:10","date_gmt":"2026-04-09T21:52:10","guid":{"rendered":"https:\/\/convimus.com\/?page_id=4256"},"modified":"2026-04-09T22:55:46","modified_gmt":"2026-04-09T21:55:46","slug":"pedro-silva","status":"publish","type":"page","link":"https:\/\/convimus.com\/en\/pedro-silva\/","title":{"rendered":"Pedro Silva"},"content":{"rendered":"<div data-elementor-type=\"wp-page\" data-elementor-id=\"4256\" class=\"elementor elementor-4256\">\n\t\t\t\t\t\t<section class=\"elementor-section elementor-top-section elementor-element elementor-element-226cd98 elementor-section-boxed elementor-section-height-default elementor-section-height-default\" data-id=\"226cd98\" data-element_type=\"section\" data-e-type=\"section\">\n\t\t\t\t\t\t<div class=\"elementor-container elementor-column-gap-default\">\n\t\t\t\t\t<div class=\"elementor-column elementor-col-100 elementor-top-column elementor-element elementor-element-226c436\" data-id=\"226c436\" data-element_type=\"column\" data-e-type=\"column\">\n\t\t\t<div class=\"elementor-widget-wrap elementor-element-populated\">\n\t\t\t\t\t\t<div class=\"elementor-element elementor-element-b25bdaa elementor-widget elementor-widget-heading\" data-id=\"b25bdaa\" data-element_type=\"widget\" data-e-type=\"widget\" data-widget_type=\"heading.default\">\n\t\t\t\t<div class=\"elementor-widget-container\">\n\t\t\t\t\t<h1 class=\"elementor-heading-title elementor-size-default\">Pedro Silva<\/h1>\t\t\t\t<\/div>\n\t\t\t\t<\/div>\n\t\t\t\t\t<\/div>\n\t\t<\/div>\n\t\t\t\t\t<\/div>\n\t\t<\/section>\n\t\t\t\t<section class=\"elementor-section elementor-top-section elementor-element elementor-element-1518772 elementor-section-boxed elementor-section-height-default elementor-section-height-default\" data-id=\"1518772\" data-element_type=\"section\" data-e-type=\"section\">\n\t\t\t\t\t\t<div class=\"elementor-container elementor-column-gap-default\">\n\t\t\t\t\t<div class=\"elementor-column elementor-col-50 elementor-top-column elementor-element elementor-element-52382d3\" data-id=\"52382d3\" data-element_type=\"column\" data-e-type=\"column\">\n\t\t\t<div class=\"elementor-widget-wrap elementor-element-populated\">\n\t\t\t\t\t\t<div class=\"elementor-element elementor-element-e32c39c elementor-widget elementor-widget-image\" data-id=\"e32c39c\" data-element_type=\"widget\" data-e-type=\"widget\" data-widget_type=\"image.default\">\n\t\t\t\t<div class=\"elementor-widget-container\">\n\t\t\t\t\t\t\t\t\t\t\t\t\t\t\t<img fetchpriority=\"high\" decoding=\"async\" width=\"800\" height=\"800\" src=\"https:\/\/convimus.com\/wp-content\/uploads\/2026\/04\/Pedro-Silva.jpg\" class=\"attachment-large size-large wp-image-4240\" alt=\"\" srcset=\"https:\/\/convimus.com\/wp-content\/uploads\/2026\/04\/Pedro-Silva.jpg 960w, https:\/\/convimus.com\/wp-content\/uploads\/2026\/04\/Pedro-Silva-300x300.jpg 300w, https:\/\/convimus.com\/wp-content\/uploads\/2026\/04\/Pedro-Silva-150x150.jpg 150w, https:\/\/convimus.com\/wp-content\/uploads\/2026\/04\/Pedro-Silva-768x768.jpg 768w, https:\/\/convimus.com\/wp-content\/uploads\/2026\/04\/Pedro-Silva-12x12.jpg 12w\" sizes=\"(max-width: 800px) 100vw, 800px\" \/>\t\t\t\t\t\t\t\t\t\t\t\t\t\t\t<\/div>\n\t\t\t\t<\/div>\n\t\t\t\t\t<\/div>\n\t\t<\/div>\n\t\t\t\t<div class=\"elementor-column elementor-col-50 elementor-top-column elementor-element elementor-element-3ae1213\" data-id=\"3ae1213\" data-element_type=\"column\" data-e-type=\"column\">\n\t\t\t<div class=\"elementor-widget-wrap elementor-element-populated\">\n\t\t\t\t\t\t<div class=\"elementor-element elementor-element-c4380f2 elementor-widget elementor-widget-text-editor\" data-id=\"c4380f2\" data-element_type=\"widget\" data-e-type=\"widget\" data-widget_type=\"text-editor.default\">\n\t\t\t\t<div class=\"elementor-widget-container\">\n\t\t\t\t\t\t\t\t\t<div style=\"text-align: justify; font-weight: 400;\"><p align=\"justify\">Born in Guimar\u00e3es, Pedro Silva began his studies at the Vale do Ave School of Performing Arts, going on to complete a Bachelor\u2019s and Master\u2019s degree in Performance at the Porto Higher School of Music, under Professor Hugues Kesteman. He also holds a specialist qualification in bassoon. He continued his studies at the Staatliche Hochschule f\u00fcr Musik Karlsruhe (Germany), in the class of Professor Gunter Pfizenmaier.<\/p><p align=\"justify\">At the same time, he attended various masterclasses led by: S\u00e9rgio Azollini, Gustavo Nu\u00f1es, Milan Turkovic and Dag Jensen in Portugal, Germany, Switzerland and France. In 1995, he was awarded 3rd Prize in the woodwind category of the Portuguese Musical Youth Competition.<\/p><p align=\"justify\">n the fields of chamber music and orchestral music, he performs regularly in: Spain, France, the Netherlands, Luxembourg, Belgium, Germany and Brazil. Highlights of his artistic career include appearances at the Mateus International Music Festival, P\u00f3voa do Varzim, Espinho, the Spring Meetings (Germany), the Strasbourg International Music Festival (France) and Campos do Jord\u00e3o (Brazil). He was a permanent member of the Orquestra do Norte, the Orquestra Filarmonia das Beiras and the Orquestra Nacional do Porto. Between 2003 and 2019, he was a member of the Porto Casa da M\u00fasica Symphony Orchestra, having also collaborated with other orchestras at national and international level: the Gulbenkian Orchestra and the Paris Orchestra. Also noteworthy is his participation in other ensembles: Soloists of the Gulbenkian Orchestra, Soloists of the Porto Symphony Orchestra, the Zelenka Quintet and, on a regular basis, the Remix Ensemble. He is a founding member of Trivm de Palhetas and Camerata Senza Misura, with whom he has recordings on Editora Num\u00e9rica. He has premiered works by leading national and international composers such as Magnus Lindberg, Jonathan Harvey and Bruno Mantovani, amongst others.<\/p><p align=\"justify\">As a soloist, he has premiered works for solo bassoon, piano and electronics by the following composers: Jean-Fran\u00e7ois L\u00e9z\u00e9, Fernando Lapa, Carlos Azevedo, S\u00e9rgio Azevedo, Telmo Marques, Pedro Faria Gomes and Jos\u00e9 Lu\u00eds Ferreira. He has served on the juries of various competitions, notably the 2012\u201316 Young Musicians\u2019 Prize and the HELENA S\u00e1 e Costa Prize. A highlight of his teaching career is the establishment of bassoon classes at various music academies and schools within the national music education system.<\/p><p align=\"justify\">He is a permanent lecturer in the bassoon class at the Porto Higher School of Music (ESMAE) and the Viana do Castelo Professional School of Music (ARTEAM), and frequently gives masterclasses in Portugal, Spain, France, Switzerland, Germany and Italy.<\/p><\/div>\t\t\t\t\t\t\t\t<\/div>\n\t\t\t\t<\/div>\n\t\t\t\t\t<\/div>\n\t\t<\/div>\n\t\t\t\t\t<\/div>\n\t\t<\/section>\n\t\t\t\t<section class=\"elementor-section elementor-top-section elementor-element elementor-element-bce0f91 elementor-section-boxed elementor-section-height-default elementor-section-height-default\" data-id=\"bce0f91\" data-element_type=\"section\" data-e-type=\"section\">\n\t\t\t\t\t\t<div class=\"elementor-container elementor-column-gap-default\">\n\t\t\t\t\t<div class=\"elementor-column elementor-col-100 elementor-top-column elementor-element elementor-element-1529909\" data-id=\"1529909\" data-element_type=\"column\" data-e-type=\"column\">\n\t\t\t<div class=\"elementor-widget-wrap elementor-element-populated\">\n\t\t\t\t\t\t<div class=\"elementor-element elementor-element-194d547 elementor-align-center elementor-widget elementor-widget-button\" data-id=\"194d547\" data-element_type=\"widget\" data-e-type=\"widget\" data-widget_type=\"button.default\">\n\t\t\t\t<div class=\"elementor-widget-container\">\n\t\t\t\t\t\t\t\t\t<div class=\"elementor-button-wrapper\">\n\t\t\t\t\t<a class=\"elementor-button elementor-button-link elementor-size-sm elementor-animation-grow\" href=\"https:\/\/convimus.com\/en\/artists\/\">\n\t\t\t\t\t\t<span class=\"elementor-button-content-wrapper\">\n\t\t\t\t\t\t<span class=\"elementor-button-icon\">\n\t\t\t\t<i aria-hidden=\"true\" class=\"fas fa-arrow-left\"><\/i>\t\t\t<\/span>\n\t\t\t\t\t\t\t\t<\/span>\n\t\t\t\t\t<\/a>\n\t\t\t\t<\/div>\n\t\t\t\t\t\t\t\t<\/div>\n\t\t\t\t<\/div>\n\t\t\t\t\t<\/div>\n\t\t<\/div>\n\t\t\t\t\t<\/div>\n\t\t<\/section>\n\t\t\t\t<\/div>","protected":false},"excerpt":{"rendered":"<p>Pedro Silva Natural de Guimar\u00e3es, Pedro Silva iniciou os seus estudos na Escola Profissional Art\u00edstica do Vale do Ave, concluindo a Licenciatura e o grau de Mestre em Interpreta\u00e7\u00e3o Art\u00edstica na Escola Superior de M\u00fasica do Porto, na Classe do Professor Hugues Kesteman. \u00c9, ainda, detentor do grau de especialista de fagote. Prosseguiu estudos na [&hellip;]<\/p>\n","protected":false},"author":1,"featured_media":0,"parent":0,"menu_order":0,"comment_status":"closed","ping_status":"closed","template":"elementor_header_footer","meta":{"footnotes":""},"class_list":["post-4256","page","type-page","status-publish","hentry"],"_links":{"self":[{"href":"https:\/\/convimus.com\/en\/wp-json\/wp\/v2\/pages\/4256","targetHints":{"allow":["GET"]}}],"collection":[{"href":"https:\/\/convimus.com\/en\/wp-json\/wp\/v2\/pages"}],"about":[{"href":"https:\/\/convimus.com\/en\/wp-json\/wp\/v2\/types\/page"}],"author":[{"embeddable":true,"href":"https:\/\/convimus.com\/en\/wp-json\/wp\/v2\/users\/1"}],"replies":[{"embeddable":true,"href":"https:\/\/convimus.com\/en\/wp-json\/wp\/v2\/comments?post=4256"}],"version-history":[{"count":7,"href":"https:\/\/convimus.com\/en\/wp-json\/wp\/v2\/pages\/4256\/revisions"}],"predecessor-version":[{"id":4264,"href":"https:\/\/convimus.com\/en\/wp-json\/wp\/v2\/pages\/4256\/revisions\/4264"}],"wp:attachment":[{"href":"https:\/\/convimus.com\/en\/wp-json\/wp\/v2\/media?parent=4256"}],"curies":[{"name":"wp","href":"https:\/\/api.w.org\/{rel}","templated":true}]}}