{"id":4248,"date":"2026-04-09T22:48:00","date_gmt":"2026-04-09T21:48:00","guid":{"rendered":"https:\/\/convimus.com\/?page_id=4248"},"modified":"2026-04-09T22:51:02","modified_gmt":"2026-04-09T21:51:02","slug":"achim-holub","status":"publish","type":"page","link":"https:\/\/convimus.com\/en\/achim-holub\/","title":{"rendered":"Achim Holub"},"content":{"rendered":"<div data-elementor-type=\"wp-page\" data-elementor-id=\"4248\" class=\"elementor elementor-4248\">\n\t\t\t\t\t\t<section class=\"elementor-section elementor-top-section elementor-element elementor-element-a03e6fb elementor-section-boxed elementor-section-height-default elementor-section-height-default\" data-id=\"a03e6fb\" data-element_type=\"section\" data-e-type=\"section\">\n\t\t\t\t\t\t<div class=\"elementor-container elementor-column-gap-default\">\n\t\t\t\t\t<div class=\"elementor-column elementor-col-100 elementor-top-column elementor-element elementor-element-631be89\" data-id=\"631be89\" data-element_type=\"column\" data-e-type=\"column\">\n\t\t\t<div class=\"elementor-widget-wrap elementor-element-populated\">\n\t\t\t\t\t\t<div class=\"elementor-element elementor-element-0b1c986 elementor-widget elementor-widget-heading\" data-id=\"0b1c986\" data-element_type=\"widget\" data-e-type=\"widget\" data-widget_type=\"heading.default\">\n\t\t\t\t<div class=\"elementor-widget-container\">\n\t\t\t\t\t<h1 class=\"elementor-heading-title elementor-size-default\">Achim Holub<\/h1>\t\t\t\t<\/div>\n\t\t\t\t<\/div>\n\t\t\t\t\t<\/div>\n\t\t<\/div>\n\t\t\t\t\t<\/div>\n\t\t<\/section>\n\t\t\t\t<section class=\"elementor-section elementor-top-section elementor-element elementor-element-e772104 elementor-section-boxed elementor-section-height-default elementor-section-height-default\" data-id=\"e772104\" data-element_type=\"section\" data-e-type=\"section\">\n\t\t\t\t\t\t<div class=\"elementor-container elementor-column-gap-default\">\n\t\t\t\t\t<div class=\"elementor-column elementor-col-50 elementor-top-column elementor-element elementor-element-d903e9b\" data-id=\"d903e9b\" data-element_type=\"column\" data-e-type=\"column\">\n\t\t\t<div class=\"elementor-widget-wrap elementor-element-populated\">\n\t\t\t\t\t\t<div class=\"elementor-element elementor-element-3334b67 elementor-widget elementor-widget-image\" data-id=\"3334b67\" data-element_type=\"widget\" data-e-type=\"widget\" data-widget_type=\"image.default\">\n\t\t\t\t<div class=\"elementor-widget-container\">\n\t\t\t\t\t\t\t\t\t\t\t\t\t\t\t<img fetchpriority=\"high\" decoding=\"async\" width=\"800\" height=\"800\" src=\"https:\/\/convimus.com\/wp-content\/uploads\/2026\/04\/Achim-Holub_square-1024x1024.jpg\" class=\"attachment-large size-large wp-image-4241\" alt=\"\" srcset=\"https:\/\/convimus.com\/wp-content\/uploads\/2026\/04\/Achim-Holub_square-1024x1024.jpg 1024w, https:\/\/convimus.com\/wp-content\/uploads\/2026\/04\/Achim-Holub_square-300x300.jpg 300w, https:\/\/convimus.com\/wp-content\/uploads\/2026\/04\/Achim-Holub_square-150x150.jpg 150w, https:\/\/convimus.com\/wp-content\/uploads\/2026\/04\/Achim-Holub_square-768x768.jpg 768w, https:\/\/convimus.com\/wp-content\/uploads\/2026\/04\/Achim-Holub_square-12x12.jpg 12w, https:\/\/convimus.com\/wp-content\/uploads\/2026\/04\/Achim-Holub_square.jpg 1200w\" sizes=\"(max-width: 800px) 100vw, 800px\" \/>\t\t\t\t\t\t\t\t\t\t\t\t\t\t\t<\/div>\n\t\t\t\t<\/div>\n\t\t\t\t\t<\/div>\n\t\t<\/div>\n\t\t\t\t<div class=\"elementor-column elementor-col-50 elementor-top-column elementor-element elementor-element-0ef5724\" data-id=\"0ef5724\" data-element_type=\"column\" data-e-type=\"column\">\n\t\t\t<div class=\"elementor-widget-wrap elementor-element-populated\">\n\t\t\t\t\t\t<div class=\"elementor-element elementor-element-2be4879 elementor-widget elementor-widget-text-editor\" data-id=\"2be4879\" data-element_type=\"widget\" data-e-type=\"widget\" data-widget_type=\"text-editor.default\">\n\t\t\t\t<div class=\"elementor-widget-container\">\n\t\t\t\t\t\t\t\t\t<div style=\"text-align: justify; font-weight: 400;\"><p align=\"justify\">The Austrian conductor Achim Holub is widely recognised as one of the most successful representatives of Austria\u2019s new generation of conductors. Critics have highlighted his distinctive musicality, dynamic interpretations and assured technical control, qualities emphasised by glowing reviews from the likes of Robert Matthew Walker and John Packwood, who praise his ability to conduct with clarity and depth, without excessive gesticulation. His artistic career reveals a balance between technical rigour, meticulous preparation and an innovative interpretative approach, winning over audiences, musicians and artistic directors alike.<\/p><p align=\"justify\">Since 2010, Holub has been principal conductor of the London Classical Soloists, one of London\u2019s leading chamber orchestras, with whom he has performed landmark symphonic works, including the complete cycle of Beethoven\u2019s symphonies, and is currently developing cycles of Schumann and Brahms. He has collaborated for several years with Orpheus Sinfonia and Firebird, projects under the patronage of Dame Judi Dench, performing in prestigious venues in London and on international tours. He is also artistic director of the Kammerphilharmonie Graz, one of Central Europe\u2019s leading chamber orchestras, with an extensive concert programme in Austria.<\/p><p align=\"justify\">Over the course of a career spanning more than twenty years, he has worked with leading European orchestras, including the English Baroque Soloists, the Philharmonia Orchestra, the NDR Symphony Orchestra and the Vienna Philharmonic, having served as assistant conductor to some of these ensembles and as a close collaborator of Sir John Eliot Gardiner, including on recordings for Deutsche Grammophon. Born into a creative and cosmopolitan family, he began his musical studies at the age of six and trained in conducting under masters such as Milan Horvat, Michael Gielen and Ferdinand Leitner, whilst also taking part in the prestigious NOS Conductors\u2019 Masterclass and being invited by Sir Georg Solti on a study visit to the Salzburg Festival. Alongside his conducting work, he is active as a teacher and performs regularly as a pianist in chamber music concerts and Lied recitals.<\/p><\/div>\t\t\t\t\t\t\t\t<\/div>\n\t\t\t\t<\/div>\n\t\t\t\t\t<\/div>\n\t\t<\/div>\n\t\t\t\t\t<\/div>\n\t\t<\/section>\n\t\t\t\t<section class=\"elementor-section elementor-top-section elementor-element elementor-element-a58eb93 elementor-section-boxed elementor-section-height-default elementor-section-height-default\" data-id=\"a58eb93\" data-element_type=\"section\" data-e-type=\"section\">\n\t\t\t\t\t\t<div class=\"elementor-container elementor-column-gap-default\">\n\t\t\t\t\t<div class=\"elementor-column elementor-col-100 elementor-top-column elementor-element elementor-element-efba939\" data-id=\"efba939\" data-element_type=\"column\" data-e-type=\"column\">\n\t\t\t<div class=\"elementor-widget-wrap elementor-element-populated\">\n\t\t\t\t\t\t<div class=\"elementor-element elementor-element-bfbb1ed elementor-align-center elementor-widget elementor-widget-button\" data-id=\"bfbb1ed\" data-element_type=\"widget\" data-e-type=\"widget\" data-widget_type=\"button.default\">\n\t\t\t\t<div class=\"elementor-widget-container\">\n\t\t\t\t\t\t\t\t\t<div class=\"elementor-button-wrapper\">\n\t\t\t\t\t<a class=\"elementor-button elementor-button-link elementor-size-sm elementor-animation-grow\" href=\"https:\/\/convimus.com\/en\/artists\/\">\n\t\t\t\t\t\t<span class=\"elementor-button-content-wrapper\">\n\t\t\t\t\t\t<span class=\"elementor-button-icon\">\n\t\t\t\t<i aria-hidden=\"true\" class=\"fas fa-arrow-left\"><\/i>\t\t\t<\/span>\n\t\t\t\t\t\t\t\t<\/span>\n\t\t\t\t\t<\/a>\n\t\t\t\t<\/div>\n\t\t\t\t\t\t\t\t<\/div>\n\t\t\t\t<\/div>\n\t\t\t\t\t<\/div>\n\t\t<\/div>\n\t\t\t\t\t<\/div>\n\t\t<\/section>\n\t\t\t\t<\/div>","protected":false},"excerpt":{"rendered":"<p>Achim Holub maestro austr\u00edaco Achim Holub \u00e9 amplamente reconhecido como um dos mais bem-sucedidos representantes da nova gera\u00e7\u00e3o de maestros da \u00c1ustria. A cr\u00edtica tem destacado a sua musicalidade distinta, interpreta\u00e7\u00f5es din\u00e2micas e controlo t\u00e9cnico seguro, qualidades sublinhadas por recens\u00f5es elogiosas como as de Robert Matthew-Walker e John Packwood, que enaltecem a sua capacidade de [&hellip;]<\/p>\n","protected":false},"author":1,"featured_media":0,"parent":0,"menu_order":0,"comment_status":"closed","ping_status":"closed","template":"elementor_header_footer","meta":{"footnotes":""},"class_list":["post-4248","page","type-page","status-publish","hentry"],"_links":{"self":[{"href":"https:\/\/convimus.com\/en\/wp-json\/wp\/v2\/pages\/4248","targetHints":{"allow":["GET"]}}],"collection":[{"href":"https:\/\/convimus.com\/en\/wp-json\/wp\/v2\/pages"}],"about":[{"href":"https:\/\/convimus.com\/en\/wp-json\/wp\/v2\/types\/page"}],"author":[{"embeddable":true,"href":"https:\/\/convimus.com\/en\/wp-json\/wp\/v2\/users\/1"}],"replies":[{"embeddable":true,"href":"https:\/\/convimus.com\/en\/wp-json\/wp\/v2\/comments?post=4248"}],"version-history":[{"count":5,"href":"https:\/\/convimus.com\/en\/wp-json\/wp\/v2\/pages\/4248\/revisions"}],"predecessor-version":[{"id":4255,"href":"https:\/\/convimus.com\/en\/wp-json\/wp\/v2\/pages\/4248\/revisions\/4255"}],"wp:attachment":[{"href":"https:\/\/convimus.com\/en\/wp-json\/wp\/v2\/media?parent=4248"}],"curies":[{"name":"wp","href":"https:\/\/api.w.org\/{rel}","templated":true}]}}