{"id":3259,"date":"2025-03-20T01:50:42","date_gmt":"2025-03-20T01:50:42","guid":{"rendered":"https:\/\/convimus.com\/?page_id=3259"},"modified":"2026-04-09T23:16:30","modified_gmt":"2026-04-09T22:16:30","slug":"jorge-orozco","status":"publish","type":"page","link":"https:\/\/convimus.com\/en\/jorge-orozco\/","title":{"rendered":"Jorge-Orozco"},"content":{"rendered":"<div data-elementor-type=\"wp-page\" data-elementor-id=\"3259\" class=\"elementor elementor-3259\">\n\t\t\t\t\t\t<section class=\"elementor-section elementor-top-section elementor-element elementor-element-454fda3 elementor-section-boxed elementor-section-height-default elementor-section-height-default\" data-id=\"454fda3\" data-element_type=\"section\" data-e-type=\"section\">\n\t\t\t\t\t\t<div class=\"elementor-container elementor-column-gap-default\">\n\t\t\t\t\t<div class=\"elementor-column elementor-col-100 elementor-top-column elementor-element elementor-element-e95530e\" data-id=\"e95530e\" data-element_type=\"column\" data-e-type=\"column\">\n\t\t\t<div class=\"elementor-widget-wrap elementor-element-populated\">\n\t\t\t\t\t\t<div class=\"elementor-element elementor-element-4ed9f31 elementor-widget elementor-widget-heading\" data-id=\"4ed9f31\" data-element_type=\"widget\" data-e-type=\"widget\" data-widget_type=\"heading.default\">\n\t\t\t\t<div class=\"elementor-widget-container\">\n\t\t\t\t\t<h1 class=\"elementor-heading-title elementor-size-default\">Jorge Orozco, Violin<\/h1>\t\t\t\t<\/div>\n\t\t\t\t<\/div>\n\t\t\t\t\t<\/div>\n\t\t<\/div>\n\t\t\t\t\t<\/div>\n\t\t<\/section>\n\t\t\t\t<section class=\"elementor-section elementor-top-section elementor-element elementor-element-315b48d elementor-section-boxed elementor-section-height-default elementor-section-height-default\" data-id=\"315b48d\" data-element_type=\"section\" data-e-type=\"section\">\n\t\t\t\t\t\t<div class=\"elementor-container elementor-column-gap-default\">\n\t\t\t\t\t<div class=\"elementor-column elementor-col-33 elementor-top-column elementor-element elementor-element-96e88bd\" data-id=\"96e88bd\" data-element_type=\"column\" data-e-type=\"column\">\n\t\t\t<div class=\"elementor-widget-wrap elementor-element-populated\">\n\t\t\t\t\t\t<div class=\"elementor-element elementor-element-768baed elementor-widget elementor-widget-image\" data-id=\"768baed\" data-element_type=\"widget\" data-e-type=\"widget\" data-widget_type=\"image.default\">\n\t\t\t\t<div class=\"elementor-widget-container\">\n\t\t\t\t\t\t\t\t\t\t\t\t\t\t\t<img decoding=\"async\" src=\"https:\/\/convimus.com\/wp-content\/uploads\/elementor\/thumbs\/JORGE-OROZCO-r346z836cvcma53fmz8gwix45g3eepqaza6whqjy1c.jpg\" title=\"JORGE OROZCO\" alt=\"JORGE OROZCO\" loading=\"lazy\" \/>\t\t\t\t\t\t\t\t\t\t\t\t\t\t\t<\/div>\n\t\t\t\t<\/div>\n\t\t\t\t\t<\/div>\n\t\t<\/div>\n\t\t\t\t<div class=\"elementor-column elementor-col-66 elementor-top-column elementor-element elementor-element-5df089f\" data-id=\"5df089f\" data-element_type=\"column\" data-e-type=\"column\">\n\t\t\t<div class=\"elementor-widget-wrap elementor-element-populated\">\n\t\t\t\t\t\t<div class=\"elementor-element elementor-element-93b0c3b elementor-widget elementor-widget-text-editor\" data-id=\"93b0c3b\" data-element_type=\"widget\" data-e-type=\"widget\" data-widget_type=\"text-editor.default\">\n\t\t\t\t<div class=\"elementor-widget-container\">\n\t\t\t\t\t\t\t\t\t<div style=\"text-align: justify; font-weight: 400;\"><p><span style=\"font-weight: 400;\">Violinist Jorge Orozco is the co-founder of Strings Avenue Studio, where he maintains a vibrant violin studio. He has held teaching positions as violin adjunct professor at the Catholic University of America in Washington, D.C., music faculty at the Georgetown Visitation School, and violin instructor at the Levine School of Music in Washington, D.C., as well as the Valencia Conservatory in Venezuela.<\/span><\/p><p><span style=\"font-weight: 400;\">Mr. Orozco was an integral part of the Maryland Classic Youth Orchestras of Strathmore for 17 years, serving as conductor of two ensembles. His students have earned top honors in competitions and have gone on to study at leading institutions including the Juilliard School, Curtis Institute of Music, University of Michigan, University of Maryland, and the Paris Conservatory.<\/span><\/p><p><span style=\"font-weight: 400;\">As a performer, Mr. Orozco has appeared as a soloist and chamber musician in Cuba, Venezuela, Germany, Austria, Italy, Portugal, and the United States. He was a member of the National Chamber Ensemble and served as concertmaster of the Avanti Orchestra and the Masterworks Music Festival Orchestra. He is an active chamber musician with the Strings Avenue Ensemble and the Musica Viva Orchestra, and has been a faculty member of the Douro Strings Summer Academy in Portugal since 2019.<\/span><\/p><p><span style=\"font-weight: 400;\">Mr. Orozco holds a Master\u2019s degree in Music Performance from the University of Southern Mississippi, where he studied with Stephen Redfield, and a Bachelor\u2019s degree in Music Performance and Pedagogy from the Instituto Superior de Artes in Havana, Cuba, where he studied with Roberto Vald\u00e9s. His festival experience includes the Texas Music Festival, Victoria Bach Festival, Havana Contemporary Music Festival, Vicksburg Chamber Music Festival, the Starling\u2013DeLay Symposium, and the Juilliard Conducting Workshop.<\/span><\/p><\/div>\t\t\t\t\t\t\t\t<\/div>\n\t\t\t\t<\/div>\n\t\t\t\t\t<\/div>\n\t\t<\/div>\n\t\t\t\t\t<\/div>\n\t\t<\/section>\n\t\t\t\t<section class=\"elementor-section elementor-top-section elementor-element elementor-element-77483a9 elementor-section-boxed elementor-section-height-default elementor-section-height-default\" data-id=\"77483a9\" data-element_type=\"section\" data-e-type=\"section\">\n\t\t\t\t\t\t<div class=\"elementor-container elementor-column-gap-default\">\n\t\t\t\t\t<div class=\"elementor-column elementor-col-100 elementor-top-column elementor-element elementor-element-b3102fa\" data-id=\"b3102fa\" data-element_type=\"column\" data-e-type=\"column\">\n\t\t\t<div class=\"elementor-widget-wrap elementor-element-populated\">\n\t\t\t\t\t\t<div class=\"elementor-element elementor-element-1067340 elementor-align-center elementor-widget elementor-widget-button\" data-id=\"1067340\" data-element_type=\"widget\" data-e-type=\"widget\" data-widget_type=\"button.default\">\n\t\t\t\t<div class=\"elementor-widget-container\">\n\t\t\t\t\t\t\t\t\t<div class=\"elementor-button-wrapper\">\n\t\t\t\t\t<a class=\"elementor-button elementor-button-link elementor-size-sm elementor-animation-grow\" href=\"https:\/\/convimus.com\/en\/artists\/\">\n\t\t\t\t\t\t<span class=\"elementor-button-content-wrapper\">\n\t\t\t\t\t\t<span class=\"elementor-button-icon\">\n\t\t\t\t<i aria-hidden=\"true\" class=\"fas fa-arrow-left\"><\/i>\t\t\t<\/span>\n\t\t\t\t\t\t\t\t<\/span>\n\t\t\t\t\t<\/a>\n\t\t\t\t<\/div>\n\t\t\t\t\t\t\t\t<\/div>\n\t\t\t\t<\/div>\n\t\t\t\t\t<\/div>\n\t\t<\/div>\n\t\t\t\t\t<\/div>\n\t\t<\/section>\n\t\t\t\t<\/div>","protected":false},"excerpt":{"rendered":"<p>Jorge Orozco, Violino O violinista Jorge Orozco \u00e9 o cofundador do Strings Avenue Studio, onde mant\u00e9m um vibrante est\u00fadio de violino. Ocupou posi\u00e7\u00f5es de ensino como professor adjunto de violino na Universidade Cat\u00f3lica da Am\u00e9rica em Washington, D.C., professor de m\u00fasica na Georgetown Visitation School e instrutor de violino na Levine School of Music em [&hellip;]<\/p>\n","protected":false},"author":1,"featured_media":0,"parent":0,"menu_order":0,"comment_status":"closed","ping_status":"closed","template":"elementor_header_footer","meta":{"footnotes":""},"class_list":["post-3259","page","type-page","status-publish","hentry"],"_links":{"self":[{"href":"https:\/\/convimus.com\/en\/wp-json\/wp\/v2\/pages\/3259","targetHints":{"allow":["GET"]}}],"collection":[{"href":"https:\/\/convimus.com\/en\/wp-json\/wp\/v2\/pages"}],"about":[{"href":"https:\/\/convimus.com\/en\/wp-json\/wp\/v2\/types\/page"}],"author":[{"embeddable":true,"href":"https:\/\/convimus.com\/en\/wp-json\/wp\/v2\/users\/1"}],"replies":[{"embeddable":true,"href":"https:\/\/convimus.com\/en\/wp-json\/wp\/v2\/comments?post=3259"}],"version-history":[{"count":9,"href":"https:\/\/convimus.com\/en\/wp-json\/wp\/v2\/pages\/3259\/revisions"}],"predecessor-version":[{"id":4279,"href":"https:\/\/convimus.com\/en\/wp-json\/wp\/v2\/pages\/3259\/revisions\/4279"}],"wp:attachment":[{"href":"https:\/\/convimus.com\/en\/wp-json\/wp\/v2\/media?parent=3259"}],"curies":[{"name":"wp","href":"https:\/\/api.w.org\/{rel}","templated":true}]}}