{"id":3258,"date":"2025-03-20T01:50:28","date_gmt":"2025-03-20T01:50:28","guid":{"rendered":"https:\/\/convimus.com\/?page_id=3258"},"modified":"2026-04-09T23:12:17","modified_gmt":"2026-04-09T22:12:17","slug":"monika-streitova","status":"publish","type":"page","link":"https:\/\/convimus.com\/en\/monika-streitova\/","title":{"rendered":"Monika-Streitova"},"content":{"rendered":"<div data-elementor-type=\"wp-page\" data-elementor-id=\"3258\" class=\"elementor elementor-3258\">\n\t\t\t\t\t\t<section class=\"elementor-section elementor-top-section elementor-element elementor-element-454fda3 elementor-section-boxed elementor-section-height-default elementor-section-height-default\" data-id=\"454fda3\" data-element_type=\"section\" data-e-type=\"section\">\n\t\t\t\t\t\t<div class=\"elementor-container elementor-column-gap-default\">\n\t\t\t\t\t<div class=\"elementor-column elementor-col-100 elementor-top-column elementor-element elementor-element-e95530e\" data-id=\"e95530e\" data-element_type=\"column\" data-e-type=\"column\">\n\t\t\t<div class=\"elementor-widget-wrap elementor-element-populated\">\n\t\t\t\t\t\t<div class=\"elementor-element elementor-element-4ed9f31 elementor-widget elementor-widget-heading\" data-id=\"4ed9f31\" data-element_type=\"widget\" data-e-type=\"widget\" data-widget_type=\"heading.default\">\n\t\t\t\t<div class=\"elementor-widget-container\">\n\t\t\t\t\t<h1 class=\"elementor-heading-title elementor-size-default\">Monika Streitov\u00e1, Flute<\/h1>\t\t\t\t<\/div>\n\t\t\t\t<\/div>\n\t\t\t\t\t<\/div>\n\t\t<\/div>\n\t\t\t\t\t<\/div>\n\t\t<\/section>\n\t\t\t\t<section class=\"elementor-section elementor-top-section elementor-element elementor-element-315b48d elementor-section-boxed elementor-section-height-default elementor-section-height-default\" data-id=\"315b48d\" data-element_type=\"section\" data-e-type=\"section\">\n\t\t\t\t\t\t<div class=\"elementor-container elementor-column-gap-default\">\n\t\t\t\t\t<div class=\"elementor-column elementor-col-33 elementor-top-column elementor-element elementor-element-96e88bd\" data-id=\"96e88bd\" data-element_type=\"column\" data-e-type=\"column\">\n\t\t\t<div class=\"elementor-widget-wrap elementor-element-populated\">\n\t\t\t\t\t\t<div class=\"elementor-element elementor-element-768baed elementor-widget elementor-widget-image\" data-id=\"768baed\" data-element_type=\"widget\" data-e-type=\"widget\" data-widget_type=\"image.default\">\n\t\t\t\t<div class=\"elementor-widget-container\">\n\t\t\t\t\t\t\t\t\t\t\t\t\t\t\t<img decoding=\"async\" src=\"https:\/\/convimus.com\/wp-content\/uploads\/elementor\/thumbs\/MONIKA-r346zawtdg1gmorgsjm4bozipw2y5prvgpw8doommq.jpg\" title=\"MONIKA\" alt=\"MONIKA\" loading=\"lazy\" \/>\t\t\t\t\t\t\t\t\t\t\t\t\t\t\t<\/div>\n\t\t\t\t<\/div>\n\t\t\t\t\t<\/div>\n\t\t<\/div>\n\t\t\t\t<div class=\"elementor-column elementor-col-66 elementor-top-column elementor-element elementor-element-5df089f\" data-id=\"5df089f\" data-element_type=\"column\" data-e-type=\"column\">\n\t\t\t<div class=\"elementor-widget-wrap elementor-element-populated\">\n\t\t\t\t\t\t<div class=\"elementor-element elementor-element-93b0c3b elementor-widget elementor-widget-text-editor\" data-id=\"93b0c3b\" data-element_type=\"widget\" data-e-type=\"widget\" data-widget_type=\"text-editor.default\">\n\t\t\t\t<div class=\"elementor-widget-container\">\n\t\t\t\t\t\t\t\t\t<div style=\"text-align: justify; font-weight: 400;\"><p><span style=\"font-weight: 400;\">Monika Streitov\u00e1, flautist, researcher at INET-MD, and Guest Assistant Professor at the University of \u00c9vora, graduated from the Academy of Music and Dramatic Arts at the University of Bratislava, Slovakia, where she completed her PhD in Contemporary Music Performance in 2005 (Thesis on Sublimation in Music \"Ad Libitum\"). Her current research interest focuses on the observation and application of contemporary flute techniques that contribute to the creative development of sound. In 2006, her CD \"Luminiscence\" received the highest critical acclaim from Radio 2, Czech Republic. In 2007, she was awarded an FCT scholarship to conduct postdoctoral scientific research at the University of Aveiro. Throughout this project, she collaborated extensively with contemporary composers, working with R. Berger, J. Y. Bosseur, D. MacMouline, B. Schaffer, J. Guillou, and J. P. Oliveira, among others. Their works have been performed at the most prestigious international contemporary music festivals. Additionally, she has given lectures at UNRIO (Rio de Janeiro), UNESP (S\u00e3o Paulo), New York University (Abu Dhabi), the Lisbon School of Music, the University of Prague, the University of Ostrava, and the University of Bratislava, among others. In 2009, she became a founding member of \"Post-ip\", the International Forum for Postgraduate Studies in Music and Dance at the University of Aveiro. Her repertoire includes around 140 world premieres, and she has worked with major broadcasting stations such as BBC, ORF2 Vienna, and BRB Berlin. She has recorded six solo CDs and 12 CDs with various musical groups. Monika Streitov\u00e1 performs both as a soloist and as part of various ensembles, having appeared in numerous countries, including Germany, Austria, the United Arab Emirates, France, Hungary, Japan, the Netherlands, England, Poland, Portugal, the Czech Republic, Slovakia, Switzerland, Spain, and Brazil, among others.<\/span><\/p><\/div>\t\t\t\t\t\t\t\t<\/div>\n\t\t\t\t<\/div>\n\t\t\t\t\t<\/div>\n\t\t<\/div>\n\t\t\t\t\t<\/div>\n\t\t<\/section>\n\t\t\t\t<section class=\"elementor-section elementor-top-section elementor-element elementor-element-77483a9 elementor-section-boxed elementor-section-height-default elementor-section-height-default\" data-id=\"77483a9\" data-element_type=\"section\" data-e-type=\"section\">\n\t\t\t\t\t\t<div class=\"elementor-container elementor-column-gap-default\">\n\t\t\t\t\t<div class=\"elementor-column elementor-col-100 elementor-top-column elementor-element elementor-element-b3102fa\" data-id=\"b3102fa\" data-element_type=\"column\" data-e-type=\"column\">\n\t\t\t<div class=\"elementor-widget-wrap elementor-element-populated\">\n\t\t\t\t\t\t<div class=\"elementor-element elementor-element-1067340 elementor-align-center elementor-widget elementor-widget-button\" data-id=\"1067340\" data-element_type=\"widget\" data-e-type=\"widget\" data-widget_type=\"button.default\">\n\t\t\t\t<div class=\"elementor-widget-container\">\n\t\t\t\t\t\t\t\t\t<div class=\"elementor-button-wrapper\">\n\t\t\t\t\t<a class=\"elementor-button elementor-button-link elementor-size-sm elementor-animation-grow\" href=\"https:\/\/convimus.com\/en\/artists\/\">\n\t\t\t\t\t\t<span class=\"elementor-button-content-wrapper\">\n\t\t\t\t\t\t<span class=\"elementor-button-icon\">\n\t\t\t\t<i aria-hidden=\"true\" class=\"fas fa-arrow-left\"><\/i>\t\t\t<\/span>\n\t\t\t\t\t\t\t\t<\/span>\n\t\t\t\t\t<\/a>\n\t\t\t\t<\/div>\n\t\t\t\t\t\t\t\t<\/div>\n\t\t\t\t<\/div>\n\t\t\t\t\t<\/div>\n\t\t<\/div>\n\t\t\t\t\t<\/div>\n\t\t<\/section>\n\t\t\t\t<\/div>","protected":false},"excerpt":{"rendered":"<p>Monika Streitov\u00e1, Flauta Monika Streitov\u00e1, Flautista, investigadora do INET-MD e Professora Auxiliar Convidada de Universidade de \u00c9vora graduou&#8211;se na Academia de M\u00fasica e Artes Dram\u00e1ticas da Universidade de Bratislava, Eslov\u00e1quia, onde completou em 2005 os seus estudos de doutoramento em Interpreta\u00e7\u00e3o de M\u00fasica Contempor\u00e2nea. (Tese sobre a Sublima\u00e7\u00e3o na M\u00fasica &#8220;Ad Libidum&#8221;.) O seu presente [&hellip;]<\/p>\n","protected":false},"author":1,"featured_media":0,"parent":0,"menu_order":0,"comment_status":"closed","ping_status":"closed","template":"elementor_header_footer","meta":{"footnotes":""},"class_list":["post-3258","page","type-page","status-publish","hentry"],"_links":{"self":[{"href":"https:\/\/convimus.com\/en\/wp-json\/wp\/v2\/pages\/3258","targetHints":{"allow":["GET"]}}],"collection":[{"href":"https:\/\/convimus.com\/en\/wp-json\/wp\/v2\/pages"}],"about":[{"href":"https:\/\/convimus.com\/en\/wp-json\/wp\/v2\/types\/page"}],"author":[{"embeddable":true,"href":"https:\/\/convimus.com\/en\/wp-json\/wp\/v2\/users\/1"}],"replies":[{"embeddable":true,"href":"https:\/\/convimus.com\/en\/wp-json\/wp\/v2\/comments?post=3258"}],"version-history":[{"count":9,"href":"https:\/\/convimus.com\/en\/wp-json\/wp\/v2\/pages\/3258\/revisions"}],"predecessor-version":[{"id":4273,"href":"https:\/\/convimus.com\/en\/wp-json\/wp\/v2\/pages\/3258\/revisions\/4273"}],"wp:attachment":[{"href":"https:\/\/convimus.com\/en\/wp-json\/wp\/v2\/media?parent=3258"}],"curies":[{"name":"wp","href":"https:\/\/api.w.org\/{rel}","templated":true}]}}