{"id":299,"date":"2022-04-07T19:16:34","date_gmt":"2022-04-07T19:16:34","guid":{"rendered":"https:\/\/convimus.com\/?page_id=299"},"modified":"2022-04-15T19:27:11","modified_gmt":"2022-04-15T19:27:11","slug":"2018-edition","status":"publish","type":"page","link":"https:\/\/convimus.com\/en\/2018-edition\/","title":{"rendered":"2018"},"content":{"rendered":"<div data-elementor-type=\"wp-page\" data-elementor-id=\"299\" class=\"elementor elementor-299\">\n\t\t\t\t\t\t<section class=\"elementor-section elementor-top-section elementor-element elementor-element-a94c7ed elementor-section-boxed elementor-section-height-default elementor-section-height-default\" data-id=\"a94c7ed\" data-element_type=\"section\" data-e-type=\"section\">\n\t\t\t\t\t\t<div class=\"elementor-container elementor-column-gap-default\">\n\t\t\t\t\t<div class=\"elementor-column elementor-col-100 elementor-top-column elementor-element elementor-element-55bb9ff\" data-id=\"55bb9ff\" data-element_type=\"column\" data-e-type=\"column\">\n\t\t\t<div class=\"elementor-widget-wrap elementor-element-populated\">\n\t\t\t\t\t\t<div class=\"elementor-element elementor-element-abbe0e8 elementor-widget elementor-widget-spacer\" data-id=\"abbe0e8\" data-element_type=\"widget\" data-e-type=\"widget\" data-widget_type=\"spacer.default\">\n\t\t\t\t<div class=\"elementor-widget-container\">\n\t\t\t\t\t\t\t<div class=\"elementor-spacer\">\n\t\t\t<div class=\"elementor-spacer-inner\"><\/div>\n\t\t<\/div>\n\t\t\t\t\t\t<\/div>\n\t\t\t\t<\/div>\n\t\t\t\t<div class=\"elementor-element elementor-element-f83c580 elementor-widget elementor-widget-heading\" data-id=\"f83c580\" data-element_type=\"widget\" data-e-type=\"widget\" data-widget_type=\"heading.default\">\n\t\t\t\t<div class=\"elementor-widget-container\">\n\t\t\t\t\t<h1 class=\"elementor-heading-title elementor-size-default\">2018 EDITION<\/h1>\t\t\t\t<\/div>\n\t\t\t\t<\/div>\n\t\t\t\t<div class=\"elementor-element elementor-element-c7ea2c3 elementor-widget elementor-widget-heading\" data-id=\"c7ea2c3\" data-element_type=\"widget\" data-e-type=\"widget\" data-widget_type=\"heading.default\">\n\t\t\t\t<div class=\"elementor-widget-container\">\n\t\t\t\t\t<h2 class=\"elementor-heading-title elementor-size-default\">Guimar\u00e3es International Music Conference<\/h2>\t\t\t\t<\/div>\n\t\t\t\t<\/div>\n\t\t\t\t<div class=\"elementor-element elementor-element-f388177 elementor-widget elementor-widget-spacer\" data-id=\"f388177\" data-element_type=\"widget\" data-e-type=\"widget\" data-widget_type=\"spacer.default\">\n\t\t\t\t<div class=\"elementor-widget-container\">\n\t\t\t\t\t\t\t<div class=\"elementor-spacer\">\n\t\t\t<div class=\"elementor-spacer-inner\"><\/div>\n\t\t<\/div>\n\t\t\t\t\t\t<\/div>\n\t\t\t\t<\/div>\n\t\t\t\t<div class=\"elementor-element elementor-element-e2874d8 elementor-widget elementor-widget-heading\" data-id=\"e2874d8\" data-element_type=\"widget\" data-e-type=\"widget\" data-widget_type=\"heading.default\">\n\t\t\t\t<div class=\"elementor-widget-container\">\n\t\t\t\t\t<h2 class=\"elementor-heading-title elementor-size-default\">GALLERY<\/h2>\t\t\t\t<\/div>\n\t\t\t\t<\/div>\n\t\t\t\t\t<\/div>\n\t\t<\/div>\n\t\t\t\t\t<\/div>\n\t\t<\/section>\n\t\t\t\t<section class=\"elementor-section elementor-top-section elementor-element elementor-element-04739c8 elementor-section-boxed elementor-section-height-default elementor-section-height-default\" data-id=\"04739c8\" data-element_type=\"section\" data-e-type=\"section\">\n\t\t\t\t\t\t<div class=\"elementor-container elementor-column-gap-default\">\n\t\t\t\t\t<div class=\"elementor-column elementor-col-50 elementor-top-column elementor-element elementor-element-f748b79\" data-id=\"f748b79\" data-element_type=\"column\" data-e-type=\"column\">\n\t\t\t<div class=\"elementor-widget-wrap elementor-element-populated\">\n\t\t\t\t\t\t<div class=\"elementor-element elementor-element-ceea8b7 elementor-widget elementor-widget-video\" data-id=\"ceea8b7\" data-element_type=\"widget\" data-e-type=\"widget\" data-settings=\"{&quot;youtube_url&quot;:&quot;https:\\\/\\\/www.youtube.com\\\/watch?v=MWQyL2s7B40&amp;t=1s&quot;,&quot;video_type&quot;:&quot;youtube&quot;,&quot;controls&quot;:&quot;yes&quot;}\" data-widget_type=\"video.default\">\n\t\t\t\t<div class=\"elementor-widget-container\">\n\t\t\t\t\t\t\t<div class=\"elementor-wrapper elementor-open-inline\">\n\t\t\t<div class=\"elementor-video\"><\/div>\t\t<\/div>\n\t\t\t\t\t\t<\/div>\n\t\t\t\t<\/div>\n\t\t\t\t<div class=\"elementor-element elementor-element-889c39d elementor-widget elementor-widget-heading\" data-id=\"889c39d\" data-element_type=\"widget\" data-e-type=\"widget\" data-widget_type=\"heading.default\">\n\t\t\t\t<div class=\"elementor-widget-container\">\n\t\t\t\t\t<h5 class=\"elementor-heading-title elementor-size-default\">Laureates Concert<\/h5>\t\t\t\t<\/div>\n\t\t\t\t<\/div>\n\t\t\t\t\t<\/div>\n\t\t<\/div>\n\t\t\t\t<div class=\"elementor-column elementor-col-50 elementor-top-column elementor-element elementor-element-6b6a7f3\" data-id=\"6b6a7f3\" data-element_type=\"column\" data-e-type=\"column\">\n\t\t\t<div class=\"elementor-widget-wrap elementor-element-populated\">\n\t\t\t\t\t\t<div class=\"elementor-element elementor-element-8feebdc elementor-widget elementor-widget-video\" data-id=\"8feebdc\" data-element_type=\"widget\" data-e-type=\"widget\" data-settings=\"{&quot;youtube_url&quot;:&quot;https:\\\/\\\/www.youtube.com\\\/watch?v=nVdWVA2KmKs&quot;,&quot;video_type&quot;:&quot;youtube&quot;,&quot;controls&quot;:&quot;yes&quot;}\" data-widget_type=\"video.default\">\n\t\t\t\t<div class=\"elementor-widget-container\">\n\t\t\t\t\t\t\t<div class=\"elementor-wrapper elementor-open-inline\">\n\t\t\t<div class=\"elementor-video\"><\/div>\t\t<\/div>\n\t\t\t\t\t\t<\/div>\n\t\t\t\t<\/div>\n\t\t\t\t<div class=\"elementor-element elementor-element-9eeb128 elementor-widget elementor-widget-heading\" data-id=\"9eeb128\" data-element_type=\"widget\" data-e-type=\"widget\" data-widget_type=\"heading.default\">\n\t\t\t\t<div class=\"elementor-widget-container\">\n\t\t\t\t\t<h5 class=\"elementor-heading-title elementor-size-default\">International Violin Competition<\/h5>\t\t\t\t<\/div>\n\t\t\t\t<\/div>\n\t\t\t\t\t<\/div>\n\t\t<\/div>\n\t\t\t\t\t<\/div>\n\t\t<\/section>\n\t\t\t\t<section class=\"elementor-section elementor-top-section elementor-element elementor-element-7542db6 elementor-section-boxed elementor-section-height-default elementor-section-height-default\" data-id=\"7542db6\" data-element_type=\"section\" data-e-type=\"section\">\n\t\t\t\t\t\t<div class=\"elementor-container elementor-column-gap-default\">\n\t\t\t\t\t<div class=\"elementor-column elementor-col-33 elementor-top-column elementor-element elementor-element-43f21e4\" data-id=\"43f21e4\" data-element_type=\"column\" data-e-type=\"column\">\n\t\t\t<div class=\"elementor-widget-wrap elementor-element-populated\">\n\t\t\t\t\t\t<div class=\"elementor-element elementor-element-7110121 elementor-widget elementor-widget-video\" data-id=\"7110121\" data-element_type=\"widget\" data-e-type=\"widget\" data-settings=\"{&quot;youtube_url&quot;:&quot;https:\\\/\\\/www.youtube.com\\\/watch?v=p3s_T1awhDs&quot;,&quot;video_type&quot;:&quot;youtube&quot;,&quot;controls&quot;:&quot;yes&quot;}\" data-widget_type=\"video.default\">\n\t\t\t\t<div class=\"elementor-widget-container\">\n\t\t\t\t\t\t\t<div class=\"elementor-wrapper elementor-open-inline\">\n\t\t\t<div class=\"elementor-video\"><\/div>\t\t<\/div>\n\t\t\t\t\t\t<\/div>\n\t\t\t\t<\/div>\n\t\t\t\t<div class=\"elementor-element elementor-element-c3a50a1 elementor-widget elementor-widget-heading\" data-id=\"c3a50a1\" data-element_type=\"widget\" data-e-type=\"widget\" data-widget_type=\"heading.default\">\n\t\t\t\t<div class=\"elementor-widget-container\">\n\t\t\t\t\t<h5 class=\"elementor-heading-title elementor-size-default\">Masterclasses<\/h5>\t\t\t\t<\/div>\n\t\t\t\t<\/div>\n\t\t\t\t\t<\/div>\n\t\t<\/div>\n\t\t\t\t<div class=\"elementor-column elementor-col-33 elementor-top-column elementor-element elementor-element-f276a38\" data-id=\"f276a38\" data-element_type=\"column\" data-e-type=\"column\">\n\t\t\t<div class=\"elementor-widget-wrap elementor-element-populated\">\n\t\t\t\t\t\t<div class=\"elementor-element elementor-element-da04fd4 elementor-widget elementor-widget-video\" data-id=\"da04fd4\" data-element_type=\"widget\" data-e-type=\"widget\" data-settings=\"{&quot;youtube_url&quot;:&quot;https:\\\/\\\/www.youtube.com\\\/watch?v=aM2d81z6NQM&quot;,&quot;video_type&quot;:&quot;youtube&quot;,&quot;controls&quot;:&quot;yes&quot;}\" data-widget_type=\"video.default\">\n\t\t\t\t<div class=\"elementor-widget-container\">\n\t\t\t\t\t\t\t<div class=\"elementor-wrapper elementor-open-inline\">\n\t\t\t<div class=\"elementor-video\"><\/div>\t\t<\/div>\n\t\t\t\t\t\t<\/div>\n\t\t\t\t<\/div>\n\t\t\t\t<div class=\"elementor-element elementor-element-82b032d elementor-widget elementor-widget-heading\" data-id=\"82b032d\" data-element_type=\"widget\" data-e-type=\"widget\" data-widget_type=\"heading.default\">\n\t\t\t\t<div class=\"elementor-widget-container\">\n\t\t\t\t\t<h5 class=\"elementor-heading-title elementor-size-default\">Concert Paris Deuxbut<\/h5>\t\t\t\t<\/div>\n\t\t\t\t<\/div>\n\t\t\t\t\t<\/div>\n\t\t<\/div>\n\t\t\t\t<div class=\"elementor-column elementor-col-33 elementor-top-column elementor-element elementor-element-d66d7ec\" data-id=\"d66d7ec\" data-element_type=\"column\" data-e-type=\"column\">\n\t\t\t<div class=\"elementor-widget-wrap elementor-element-populated\">\n\t\t\t\t\t\t<div class=\"elementor-element elementor-element-3feddfb elementor-widget elementor-widget-video\" data-id=\"3feddfb\" data-element_type=\"widget\" data-e-type=\"widget\" data-settings=\"{&quot;youtube_url&quot;:&quot;https:\\\/\\\/www.youtube.com\\\/watch?v=RRq0qaYgsHk&amp;t=154s&quot;,&quot;video_type&quot;:&quot;youtube&quot;,&quot;controls&quot;:&quot;yes&quot;}\" data-widget_type=\"video.default\">\n\t\t\t\t<div class=\"elementor-widget-container\">\n\t\t\t\t\t\t\t<div class=\"elementor-wrapper elementor-open-inline\">\n\t\t\t<div class=\"elementor-video\"><\/div>\t\t<\/div>\n\t\t\t\t\t\t<\/div>\n\t\t\t\t<\/div>\n\t\t\t\t<div class=\"elementor-element elementor-element-aa7034b elementor-widget elementor-widget-heading\" data-id=\"aa7034b\" data-element_type=\"widget\" data-e-type=\"widget\" data-widget_type=\"heading.default\">\n\t\t\t\t<div class=\"elementor-widget-container\">\n\t\t\t\t\t<h5 class=\"elementor-heading-title elementor-size-default\">Concerts Pianos At The Palace<\/h5>\t\t\t\t<\/div>\n\t\t\t\t<\/div>\n\t\t\t\t\t<\/div>\n\t\t<\/div>\n\t\t\t\t\t<\/div>\n\t\t<\/section>\n\t\t\t\t<section class=\"elementor-section elementor-top-section elementor-element elementor-element-a7bd2e7 elementor-section-boxed elementor-section-height-default elementor-section-height-default\" data-id=\"a7bd2e7\" data-element_type=\"section\" data-e-type=\"section\">\n\t\t\t\t\t\t<div class=\"elementor-container elementor-column-gap-default\">\n\t\t\t\t\t<div class=\"elementor-column elementor-col-100 elementor-top-column elementor-element elementor-element-ea6fdfe\" data-id=\"ea6fdfe\" data-element_type=\"column\" data-e-type=\"column\">\n\t\t\t<div class=\"elementor-widget-wrap elementor-element-populated\">\n\t\t\t\t\t\t<div class=\"elementor-element elementor-element-2c5b700 elementor-widget elementor-widget-spacer\" data-id=\"2c5b700\" data-element_type=\"widget\" data-e-type=\"widget\" data-widget_type=\"spacer.default\">\n\t\t\t\t<div class=\"elementor-widget-container\">\n\t\t\t\t\t\t\t<div class=\"elementor-spacer\">\n\t\t\t<div class=\"elementor-spacer-inner\"><\/div>\n\t\t<\/div>\n\t\t\t\t\t\t<\/div>\n\t\t\t\t<\/div>\n\t\t\t\t<div class=\"elementor-element elementor-element-ae18c6e elementor-widget elementor-widget-heading\" data-id=\"ae18c6e\" data-element_type=\"widget\" data-e-type=\"widget\" data-widget_type=\"heading.default\">\n\t\t\t\t<div class=\"elementor-widget-container\">\n\t\t\t\t\t<h2 class=\"elementor-heading-title elementor-size-default\">AWARDS<\/h2>\t\t\t\t<\/div>\n\t\t\t\t<\/div>\n\t\t\t\t<div class=\"elementor-element elementor-element-09e6ea5 elementor-widget elementor-widget-heading\" data-id=\"09e6ea5\" data-element_type=\"widget\" data-e-type=\"widget\" data-widget_type=\"heading.default\">\n\t\t\t\t<div class=\"elementor-widget-container\">\n\t\t\t\t\t<h4 class=\"elementor-heading-title elementor-size-default\">Results of the 2018 Competition<\/h4>\t\t\t\t<\/div>\n\t\t\t\t<\/div>\n\t\t\t\t<div class=\"elementor-element elementor-element-9b5b634 elementor-widget elementor-widget-text-editor\" data-id=\"9b5b634\" data-element_type=\"widget\" data-e-type=\"widget\" data-widget_type=\"text-editor.default\">\n\t\t\t\t<div class=\"elementor-widget-container\">\n\t\t\t\t\t\t\t\t\t<div class=\"et_pb_module et_pb_text et_pb_text_2 noident et_pb_bg_layout_light et_pb_text_align_center\"><div class=\"et_pb_text_inner\"><h3><strong>Category A<\/strong><\/h3><h4><strong>1 Absolute Winner<\/strong><\/h4><p>Afonso Sim\u00e3o Batista Martins Vaz Teixeira<\/p><h3><strong>Category<\/strong><strong>\u00a0B<\/strong><\/h3><h4><strong>1\u00a0<\/strong><strong>Absolute Winner<\/strong><\/h4><p>Sophie WOO Yat Ming<\/p><h4><strong>2 Honorable Mention<\/strong><\/h4><p>Tom\u00e1s Freitas Lima Louren\u00e7o<\/p><\/div><\/div><div class=\"et_pb_module et_pb_text et_pb_text_3 noident et_pb_bg_layout_light et_pb_text_align_center\"><div class=\"et_pb_text_inner\"><h3><strong>Category<\/strong><strong>\u00a0C<\/strong><\/h3><h4><strong>1 Absolute Winner<\/strong><\/h4><p>Jessica Ma<\/p><h4><strong>1 Honorable Mention<\/strong><\/h4><p>Andrea Lam Kwan Wai<\/p><p>Murphy Xi<\/p><p>Ricardo Andr\u00e9 dos santos Rodrigues<\/p><h4><strong>2 Honorable Mention<\/strong><\/h4><p>Chen Xuan<\/p><h4><strong>3 Honorable Mention<\/strong><\/h4><p>Rafaela Carlos Oliveira<\/p><p>Maria Beatriz Camelo Marques<\/p><\/div><\/div><div class=\"et_pb_module et_pb_text et_pb_text_4 noident et_pb_bg_layout_light et_pb_text_align_center\"><div class=\"et_pb_text_inner\"><h3><strong>Category<\/strong><strong>\u00a0D<\/strong><\/h3><h4><strong>1 Awards<\/strong><\/h4><p>Ana Rita Alves Breda Coimbra<\/p><h4><strong>2 Awards<\/strong><\/h4><p>Alexandre Arutyunyan<\/p><h4><strong>3 Awards<\/strong><\/h4><p>Francisco Pinto Guedes Nobre Russo<\/p><h4><strong>1 Honorable Mention<\/strong><\/h4><p>Andr\u00e9 Filipe Barroso Teixeira<\/p><p>Matilda Pinto Mensink<\/p><h4><strong>2 Honorable Mention<\/strong><\/h4><p>Alexis Alhanbali<\/p><p>In\u00eas Cunha Almeida<\/p><p>In\u00eas Sofia Aur\u00e9lio Val\u00e9rio<\/p><p>Jo\u00e3o Pedro Rodrigues<\/p><p>Rodrigo Ferreira Rodrigues Pinto<\/p><h4><strong>3 Honorable Mention<\/strong><\/h4><p>Diogo Alexandre Almeida Maia<\/p><\/div><\/div><div class=\"et_pb_module et_pb_text et_pb_text_5 noident et_pb_bg_layout_light et_pb_text_align_center\"><div class=\"et_pb_text_inner\"><h3><strong>Category<\/strong><strong>\u00a0E<\/strong><\/h3><h4><strong>1 Awards<\/strong><\/h4><p>Francisco Rafael Santos Pinto<\/p><h4><strong>2 Awards<\/strong><\/h4><p>Tiago Filipe Soares Silva<\/p><h4><strong>3 Awards<\/strong><\/h4><p>Leonor Marques Oliveira<\/p><h4><strong>4 Awards<\/strong><\/h4><p>Raquel Moura<\/p><h4><strong>1 Honorable Mention<\/strong><\/h4><p>Madalena Rollo Brandao de Brito<br \/>Mariana De Oliveira Fernandes<\/p><h4><strong>2 Honorable Mention<\/strong><\/h4><p>Joao Pedro Ferreira de S\u00e1<br \/>Alice Manuela Gomes Abreu<\/p><h4><strong>3 Honorable Mention<\/strong><\/h4><p>Cl\u00e1udia Maria Martins Carvalho<br \/>Sofia Serra Duarte Belo<\/p><\/div><\/div><div class=\"et_pb_module et_pb_text et_pb_text_6 noident et_pb_bg_layout_light et_pb_text_align_center\"><div class=\"et_pb_text_inner\"><h3><strong>Best Competitor of Guimar\u00e3es<\/strong><\/h3><p>Jo\u00e3o Pedro Rodrigues<\/p><\/div><\/div><div class=\"et_pb_module et_pb_text et_pb_text_7 noident et_pb_bg_layout_light et_pb_text_align_center\"><div class=\"et_pb_text_inner\"><h3><strong>Best Portuguese Composer Interpretation<\/strong><\/h3><p>Rodrigo Ferreira Rodrigues Pinto<\/p><\/div><\/div><div class=\"et_pb_module et_pb_text et_pb_text_8 noident et_pb_bg_layout_light et_pb_text_align_center\"><div class=\"et_pb_text_inner\"><h3><strong>Award for the Best Student of Guimar\u00e3es<\/strong><\/h3><p>Claudia Maria Martins Carvalho<\/p><\/div><\/div><div class=\"et_pb_module et_pb_text et_pb_text_9 noident et_pb_bg_layout_light et_pb_text_align_center\"><div class=\"et_pb_text_inner\"><h3><strong>Award for the Best Performance of the Portuguese Part<\/strong><\/h3><p>Alice Manuela Gomes Abreu<\/p><\/div><\/div><div class=\"et_pb_module et_pb_text et_pb_text_10 noident et_pb_bg_layout_light et_pb_text_align_center\"><div class=\"et_pb_text_inner\"><h3><strong>Convivial Winner<\/strong><\/h3><p>Jessica Ma<\/p><\/div><\/div>\t\t\t\t\t\t\t\t<\/div>\n\t\t\t\t<\/div>\n\t\t\t\t\t<\/div>\n\t\t<\/div>\n\t\t\t\t\t<\/div>\n\t\t<\/section>\n\t\t\t\t<\/div>","protected":false},"excerpt":{"rendered":"<p>2018 EDITION Guimar\u00e3es International Music Conference GALLERY Laureates Concert International Violin Competition Masterclasses Concert Paris Deuxbut Concerts Pianos At The Palace AWARDS Results of the 2018 Competition Category A 1 Absolute Winner Afonso Sim\u00e3o Batista Martins Vaz Teixeira Category\u00a0B 1\u00a0Absolute Winner Sophie WOO Yat Ming 2 Honorable Mention Tom\u00e1s Freitas Lima Louren\u00e7o Category\u00a0C 1 Absolute [&hellip;]<\/p>\n","protected":false},"author":1,"featured_media":0,"parent":0,"menu_order":0,"comment_status":"closed","ping_status":"closed","template":"elementor_header_footer","meta":{"footnotes":""},"class_list":["post-299","page","type-page","status-publish","hentry"],"_links":{"self":[{"href":"https:\/\/convimus.com\/en\/wp-json\/wp\/v2\/pages\/299","targetHints":{"allow":["GET"]}}],"collection":[{"href":"https:\/\/convimus.com\/en\/wp-json\/wp\/v2\/pages"}],"about":[{"href":"https:\/\/convimus.com\/en\/wp-json\/wp\/v2\/types\/page"}],"author":[{"embeddable":true,"href":"https:\/\/convimus.com\/en\/wp-json\/wp\/v2\/users\/1"}],"replies":[{"embeddable":true,"href":"https:\/\/convimus.com\/en\/wp-json\/wp\/v2\/comments?post=299"}],"version-history":[{"count":8,"href":"https:\/\/convimus.com\/en\/wp-json\/wp\/v2\/pages\/299\/revisions"}],"predecessor-version":[{"id":329,"href":"https:\/\/convimus.com\/en\/wp-json\/wp\/v2\/pages\/299\/revisions\/329"}],"wp:attachment":[{"href":"https:\/\/convimus.com\/en\/wp-json\/wp\/v2\/media?parent=299"}],"curies":[{"name":"wp","href":"https:\/\/api.w.org\/{rel}","templated":true}]}}