{"id":2578,"date":"2024-03-12T05:03:37","date_gmt":"2024-03-12T05:03:37","guid":{"rendered":"https:\/\/convimus.com\/?page_id=2578"},"modified":"2026-04-09T23:35:23","modified_gmt":"2026-04-09T22:35:23","slug":"orquestra-sinfonica-amasing","status":"publish","type":"page","link":"https:\/\/convimus.com\/en\/visit-porto\/orquestra-sinfonica-amasing\/","title":{"rendered":"orquestra sinf\u00f3nica amasing"},"content":{"rendered":"<div data-elementor-type=\"wp-page\" data-elementor-id=\"2578\" class=\"elementor elementor-2578\">\n\t\t\t\t\t\t<section class=\"elementor-section elementor-top-section elementor-element elementor-element-d822f2c elementor-section-boxed elementor-section-height-default elementor-section-height-default\" data-id=\"d822f2c\" data-element_type=\"section\" data-e-type=\"section\">\n\t\t\t\t\t\t<div class=\"elementor-container elementor-column-gap-default\">\n\t\t\t\t\t<div class=\"elementor-column elementor-col-100 elementor-top-column elementor-element elementor-element-738f0e1\" data-id=\"738f0e1\" data-element_type=\"column\" data-e-type=\"column\">\n\t\t\t<div class=\"elementor-widget-wrap elementor-element-populated\">\n\t\t\t\t\t\t<div class=\"elementor-element elementor-element-70c02ef elementor-widget elementor-widget-heading\" data-id=\"70c02ef\" data-element_type=\"widget\" data-e-type=\"widget\" data-widget_type=\"heading.default\">\n\t\t\t\t<div class=\"elementor-widget-container\">\n\t\t\t\t\t<h2 class=\"elementor-heading-title elementor-size-default\">AMASING Symphony Orchestra<\/h2>\t\t\t\t<\/div>\n\t\t\t\t<\/div>\n\t\t\t\t\t<\/div>\n\t\t<\/div>\n\t\t\t\t\t<\/div>\n\t\t<\/section>\n\t\t\t\t<section class=\"elementor-section elementor-top-section elementor-element elementor-element-38ec9fc elementor-section-boxed elementor-section-height-default elementor-section-height-default\" data-id=\"38ec9fc\" data-element_type=\"section\" data-e-type=\"section\">\n\t\t\t\t\t\t<div class=\"elementor-container elementor-column-gap-default\">\n\t\t\t\t\t<div class=\"elementor-column elementor-col-50 elementor-top-column elementor-element elementor-element-91c3d80\" data-id=\"91c3d80\" data-element_type=\"column\" data-e-type=\"column\">\n\t\t\t<div class=\"elementor-widget-wrap elementor-element-populated\">\n\t\t\t\t\t\t<div class=\"elementor-element elementor-element-d32a35e elementor-widget elementor-widget-image\" data-id=\"d32a35e\" data-element_type=\"widget\" data-e-type=\"widget\" data-widget_type=\"image.default\">\n\t\t\t\t<div class=\"elementor-widget-container\">\n\t\t\t\t\t\t\t\t\t\t\t\t\t\t\t<img fetchpriority=\"high\" decoding=\"async\" width=\"800\" height=\"450\" src=\"https:\/\/convimus.com\/wp-content\/uploads\/2022\/05\/capa-youtube-1024x576.png\" class=\"attachment-large size-large wp-image-970\" alt=\"\" srcset=\"https:\/\/convimus.com\/wp-content\/uploads\/2022\/05\/capa-youtube-1024x576.png 1024w, https:\/\/convimus.com\/wp-content\/uploads\/2022\/05\/capa-youtube-300x169.png 300w, https:\/\/convimus.com\/wp-content\/uploads\/2022\/05\/capa-youtube-768x432.png 768w, https:\/\/convimus.com\/wp-content\/uploads\/2022\/05\/capa-youtube-1536x864.png 1536w, https:\/\/convimus.com\/wp-content\/uploads\/2022\/05\/capa-youtube-18x10.png 18w, https:\/\/convimus.com\/wp-content\/uploads\/2022\/05\/capa-youtube.png 2048w\" sizes=\"(max-width: 800px) 100vw, 800px\" \/>\t\t\t\t\t\t\t\t\t\t\t\t\t\t\t<\/div>\n\t\t\t\t<\/div>\n\t\t\t\t\t<\/div>\n\t\t<\/div>\n\t\t\t\t<div class=\"elementor-column elementor-col-50 elementor-top-column elementor-element elementor-element-1097807\" data-id=\"1097807\" data-element_type=\"column\" data-e-type=\"column\">\n\t\t\t<div class=\"elementor-widget-wrap elementor-element-populated\">\n\t\t\t\t\t\t<div class=\"elementor-element elementor-element-1c48826 elementor-widget elementor-widget-text-editor\" data-id=\"1c48826\" data-element_type=\"widget\" data-e-type=\"widget\" data-widget_type=\"text-editor.default\">\n\t\t\t\t<div class=\"elementor-widget-container\">\n\t\t\t\t\t\t\t\t\t<div style=\"text-align: justify; font-weight: 400;\"><p class=\"translation-block\">The AMASING Symphony Orchestra began in 2020 under the direction of Maestro Eliseu Silva. It emerged from the desire of a group of musicians to create a musical project of high artistic level in an innovative format, addressing some social, pedagogical, and cultural needs. Initially named after Ant\u00f3nio Fragoso, in commemoration of the 100th anniversary of this young and skilled composer's death, the orchestra developed a pioneering hybrid structure. This means it includes highly skilled members with master's and doctoral degrees in music, as well as non-professional members who are either still in the process of artistic development or who have high musical and artistic training but chose careers in other fields such as Medicine, Engineering, or Law, while still wanting to maintain contact with musical performance and creation.<\/p><p align=\"justify\" class=\"translation-block\">With a recent rebranding to the AMASING Symphony Orchestra, it typically performs in a symphonic formation but also appears in smaller formations such as the AMASING String Orchestra. The orchestra performs concerts in various emblematic locations in the city of Porto, including the Municipal Theater of Porto \u2013 Rivoli, the Forte de S\u00e3o Jo\u00e3o da Foz, the Church of S\u00e3o Jo\u00e3o da Foz, the Main Church of Aldoar, and the Palacete Pinto Leite, among others. Notable performances also include concerts at the Philharmonic Auditorium of Cov\u00f5es, Cantanhede, and the Pombeiro Monastery, Felgueiras, participation in the CONVIMUS Festival in 2022 and 2023, and a tour in France as part of the Portugal-France Season 2022. Additionally, the orchestra has recorded its first CD, \"Noturno,\" filmed a music video at the Forte de S\u00e3o Jo\u00e3o da Foz, and recorded a video for participation in the Final Concert of the Hong Kong International Music Festival.<\/p><\/div>\t\t\t\t\t\t\t\t<\/div>\n\t\t\t\t<\/div>\n\t\t\t\t\t<\/div>\n\t\t<\/div>\n\t\t\t\t\t<\/div>\n\t\t<\/section>\n\t\t\t\t<section class=\"elementor-section elementor-top-section elementor-element elementor-element-bae6bfa elementor-section-boxed elementor-section-height-default elementor-section-height-default\" data-id=\"bae6bfa\" data-element_type=\"section\" data-e-type=\"section\">\n\t\t\t\t\t\t<div class=\"elementor-container elementor-column-gap-default\">\n\t\t\t\t\t<div class=\"elementor-column elementor-col-100 elementor-top-column elementor-element elementor-element-c2f0a06\" data-id=\"c2f0a06\" data-element_type=\"column\" data-e-type=\"column\">\n\t\t\t<div class=\"elementor-widget-wrap elementor-element-populated\">\n\t\t\t\t\t\t<div class=\"elementor-element elementor-element-4407af9 elementor-align-center elementor-widget elementor-widget-button\" data-id=\"4407af9\" data-element_type=\"widget\" data-e-type=\"widget\" data-widget_type=\"button.default\">\n\t\t\t\t<div class=\"elementor-widget-container\">\n\t\t\t\t\t\t\t\t\t<div class=\"elementor-button-wrapper\">\n\t\t\t\t\t<a class=\"elementor-button elementor-button-link elementor-size-sm elementor-animation-grow\" href=\"https:\/\/convimus.com\/en\/artists\/\">\n\t\t\t\t\t\t<span class=\"elementor-button-content-wrapper\">\n\t\t\t\t\t\t<span class=\"elementor-button-icon\">\n\t\t\t\t<i aria-hidden=\"true\" class=\"fas fa-arrow-left\"><\/i>\t\t\t<\/span>\n\t\t\t\t\t\t\t\t<\/span>\n\t\t\t\t\t<\/a>\n\t\t\t\t<\/div>\n\t\t\t\t\t\t\t\t<\/div>\n\t\t\t\t<\/div>\n\t\t\t\t\t<\/div>\n\t\t<\/div>\n\t\t\t\t\t<\/div>\n\t\t<\/section>\n\t\t\t\t<\/div>","protected":false},"excerpt":{"rendered":"<p>Orquestra Sinf\u00f3nica AMASING A Orquestra Sinf\u00f3nica AMASING teve in\u00edcio em 2020 sob a dire\u00e7\u00e3o do maestro Eliseu Silva e surgiu da vontade de um grupo de m\u00fasicos em criar um projeto musical de alto n\u00edvel art\u00edstico num formato inovador, colmatando algumas necessidades sociais, pedag\u00f3gicas e culturais. Assim, come\u00e7ou com o nome de Ant\u00f3nio Fragoso porque [&hellip;]<\/p>\n","protected":false},"author":1,"featured_media":0,"parent":126,"menu_order":0,"comment_status":"closed","ping_status":"closed","template":"elementor_header_footer","meta":{"footnotes":""},"class_list":["post-2578","page","type-page","status-publish","hentry"],"_links":{"self":[{"href":"https:\/\/convimus.com\/en\/wp-json\/wp\/v2\/pages\/2578","targetHints":{"allow":["GET"]}}],"collection":[{"href":"https:\/\/convimus.com\/en\/wp-json\/wp\/v2\/pages"}],"about":[{"href":"https:\/\/convimus.com\/en\/wp-json\/wp\/v2\/types\/page"}],"author":[{"embeddable":true,"href":"https:\/\/convimus.com\/en\/wp-json\/wp\/v2\/users\/1"}],"replies":[{"embeddable":true,"href":"https:\/\/convimus.com\/en\/wp-json\/wp\/v2\/comments?post=2578"}],"version-history":[{"count":38,"href":"https:\/\/convimus.com\/en\/wp-json\/wp\/v2\/pages\/2578\/revisions"}],"predecessor-version":[{"id":4303,"href":"https:\/\/convimus.com\/en\/wp-json\/wp\/v2\/pages\/2578\/revisions\/4303"}],"up":[{"embeddable":true,"href":"https:\/\/convimus.com\/en\/wp-json\/wp\/v2\/pages\/126"}],"wp:attachment":[{"href":"https:\/\/convimus.com\/en\/wp-json\/wp\/v2\/media?parent=2578"}],"curies":[{"name":"wp","href":"https:\/\/api.w.org\/{rel}","templated":true}]}}