{"id":111,"date":"2022-04-01T22:57:00","date_gmt":"2022-04-01T22:57:00","guid":{"rendered":"https:\/\/convimus.com\/?page_id=111"},"modified":"2026-04-14T23:54:08","modified_gmt":"2026-04-14T22:54:08","slug":"lutherie","status":"publish","type":"page","link":"https:\/\/convimus.com\/en\/lutherie\/","title":{"rendered":"Lutherie"},"content":{"rendered":"<div data-elementor-type=\"wp-page\" data-elementor-id=\"111\" class=\"elementor elementor-111\">\n\t\t\t\t\t\t<section class=\"elementor-section elementor-top-section elementor-element elementor-element-f53e518 elementor-section-boxed elementor-section-height-default elementor-section-height-default\" data-id=\"f53e518\" data-element_type=\"section\" data-e-type=\"section\">\n\t\t\t\t\t\t<div class=\"elementor-container elementor-column-gap-default\">\n\t\t\t\t\t<div class=\"elementor-column elementor-col-100 elementor-top-column elementor-element elementor-element-3011cc0\" data-id=\"3011cc0\" data-element_type=\"column\" data-e-type=\"column\">\n\t\t\t<div class=\"elementor-widget-wrap elementor-element-populated\">\n\t\t\t\t\t\t<div class=\"elementor-element elementor-element-dc212e3 elementor-invisible elementor-widget elementor-widget-heading\" data-id=\"dc212e3\" data-element_type=\"widget\" data-e-type=\"widget\" data-settings=\"{&quot;_animation&quot;:&quot;slideInRight&quot;}\" data-widget_type=\"heading.default\">\n\t\t\t\t<div class=\"elementor-widget-container\">\n\t\t\t\t\t<h2 class=\"elementor-heading-title elementor-size-large\">LUTHERIE EXHIBITIONS<\/h2>\t\t\t\t<\/div>\n\t\t\t\t<\/div>\n\t\t\t\t<div class=\"elementor-element elementor-element-ab70068 elementor-widget elementor-widget-spacer\" data-id=\"ab70068\" data-element_type=\"widget\" data-e-type=\"widget\" data-widget_type=\"spacer.default\">\n\t\t\t\t<div class=\"elementor-widget-container\">\n\t\t\t\t\t\t\t<div class=\"elementor-spacer\">\n\t\t\t<div class=\"elementor-spacer-inner\"><\/div>\n\t\t<\/div>\n\t\t\t\t\t\t<\/div>\n\t\t\t\t<\/div>\n\t\t\t\t\t<\/div>\n\t\t<\/div>\n\t\t\t\t\t<\/div>\n\t\t<\/section>\n\t\t\t\t<section class=\"elementor-section elementor-top-section elementor-element elementor-element-0afbb30 elementor-section-boxed elementor-section-height-default elementor-section-height-default\" data-id=\"0afbb30\" data-element_type=\"section\" data-e-type=\"section\">\n\t\t\t\t\t\t<div class=\"elementor-container elementor-column-gap-default\">\n\t\t\t\t\t<div class=\"elementor-column elementor-col-100 elementor-top-column elementor-element elementor-element-32001ee\" data-id=\"32001ee\" data-element_type=\"column\" data-e-type=\"column\">\n\t\t\t<div class=\"elementor-widget-wrap elementor-element-populated\">\n\t\t\t\t\t\t<div class=\"elementor-element elementor-element-b544270 elementor-widget elementor-widget-text-editor\" data-id=\"b544270\" data-element_type=\"widget\" data-e-type=\"widget\" data-widget_type=\"text-editor.default\">\n\t\t\t\t<div class=\"elementor-widget-container\">\n\t\t\t\t\t\t\t\t\t<div style=\"text-align: justify; font-weight: 400;\"><p>The exhibition aims to bring together Portuguese and international professional luthiers to present their work, share knowledge and provide musicians and all those interested in the art of Lutherie and music with an exchange of experiences on craftsmanship, sound evaluation and the possibility of listening and comparing instruments in a high-visibility environment. All this within our mission to promote knowledge and culture.<\/p><\/div>\t\t\t\t\t\t\t\t<\/div>\n\t\t\t\t<\/div>\n\t\t\t\t\t<\/div>\n\t\t<\/div>\n\t\t\t\t\t<\/div>\n\t\t<\/section>\n\t\t\t\t<section class=\"elementor-section elementor-top-section elementor-element elementor-element-0d0c348 elementor-section-boxed elementor-section-height-default elementor-section-height-default\" data-id=\"0d0c348\" data-element_type=\"section\" data-e-type=\"section\">\n\t\t\t\t\t\t<div class=\"elementor-container elementor-column-gap-default\">\n\t\t\t\t\t<div class=\"elementor-column elementor-col-100 elementor-top-column elementor-element elementor-element-56d9f3d\" data-id=\"56d9f3d\" data-element_type=\"column\" data-e-type=\"column\">\n\t\t\t<div class=\"elementor-widget-wrap elementor-element-populated\">\n\t\t\t\t\t\t<div class=\"elementor-element elementor-element-576065f elementor-widget elementor-widget-spacer\" data-id=\"576065f\" data-element_type=\"widget\" data-e-type=\"widget\" data-widget_type=\"spacer.default\">\n\t\t\t\t<div class=\"elementor-widget-container\">\n\t\t\t\t\t\t\t<div class=\"elementor-spacer\">\n\t\t\t<div class=\"elementor-spacer-inner\"><\/div>\n\t\t<\/div>\n\t\t\t\t\t\t<\/div>\n\t\t\t\t<\/div>\n\t\t\t\t\t<\/div>\n\t\t<\/div>\n\t\t\t\t\t<\/div>\n\t\t<\/section>\n\t\t\t\t<section class=\"elementor-section elementor-top-section elementor-element elementor-element-d64111e elementor-section-boxed elementor-section-height-default elementor-section-height-default\" data-id=\"d64111e\" data-element_type=\"section\" data-e-type=\"section\">\n\t\t\t\t\t\t<div class=\"elementor-container elementor-column-gap-default\">\n\t\t\t\t\t<div class=\"elementor-column elementor-col-100 elementor-top-column elementor-element elementor-element-9c4c254\" data-id=\"9c4c254\" data-element_type=\"column\" data-e-type=\"column\">\n\t\t\t<div class=\"elementor-widget-wrap elementor-element-populated\">\n\t\t\t\t\t\t<section class=\"elementor-section elementor-inner-section elementor-element elementor-element-f6f4426 elementor-section-boxed elementor-section-height-default elementor-section-height-default\" data-id=\"f6f4426\" data-element_type=\"section\" data-e-type=\"section\">\n\t\t\t\t\t\t<div class=\"elementor-container elementor-column-gap-default\">\n\t\t\t\t\t<div class=\"elementor-column elementor-col-50 elementor-inner-column elementor-element elementor-element-d378c47\" data-id=\"d378c47\" data-element_type=\"column\" data-e-type=\"column\">\n\t\t\t<div class=\"elementor-widget-wrap elementor-element-populated\">\n\t\t\t\t\t\t<div class=\"elementor-element elementor-element-c5d89a7 elementor-widget elementor-widget-image\" data-id=\"c5d89a7\" data-element_type=\"widget\" data-e-type=\"widget\" data-widget_type=\"image.default\">\n\t\t\t\t<div class=\"elementor-widget-container\">\n\t\t\t\t\t\t\t\t\t\t\t\t\t\t\t\t<a href=\"https:\/\/robinszombath.com\/\">\n\t\t\t\t\t\t\t<img fetchpriority=\"high\" decoding=\"async\" width=\"800\" height=\"800\" src=\"https:\/\/convimus.com\/wp-content\/uploads\/2025\/04\/Luthier-Robin-Szombath-foto-1024x1024.jpeg\" class=\"attachment-large size-large wp-image-3456\" alt=\"\" srcset=\"https:\/\/convimus.com\/wp-content\/uploads\/2025\/04\/Luthier-Robin-Szombath-foto-1024x1024.jpeg 1024w, https:\/\/convimus.com\/wp-content\/uploads\/2025\/04\/Luthier-Robin-Szombath-foto-300x300.jpeg 300w, https:\/\/convimus.com\/wp-content\/uploads\/2025\/04\/Luthier-Robin-Szombath-foto-150x150.jpeg 150w, https:\/\/convimus.com\/wp-content\/uploads\/2025\/04\/Luthier-Robin-Szombath-foto-768x768.jpeg 768w, https:\/\/convimus.com\/wp-content\/uploads\/2025\/04\/Luthier-Robin-Szombath-foto-12x12.jpeg 12w, https:\/\/convimus.com\/wp-content\/uploads\/2025\/04\/Luthier-Robin-Szombath-foto.jpeg 1280w\" sizes=\"(max-width: 800px) 100vw, 800px\" \/>\t\t\t\t\t\t\t\t<\/a>\n\t\t\t\t\t\t\t\t\t\t\t\t\t\t\t<\/div>\n\t\t\t\t<\/div>\n\t\t\t\t\t<\/div>\n\t\t<\/div>\n\t\t\t\t<div class=\"elementor-column elementor-col-50 elementor-inner-column elementor-element elementor-element-09097c6\" data-id=\"09097c6\" data-element_type=\"column\" data-e-type=\"column\">\n\t\t\t<div class=\"elementor-widget-wrap elementor-element-populated\">\n\t\t\t\t\t\t<div class=\"elementor-element elementor-element-63fde75 elementor-widget elementor-widget-text-editor\" data-id=\"63fde75\" data-element_type=\"widget\" data-e-type=\"widget\" data-widget_type=\"text-editor.default\">\n\t\t\t\t<div class=\"elementor-widget-container\">\n\t\t\t\t\t\t\t\t\t<div style=\"text-align: justify;\"><span style=\"font-weight: 400;\">Born in 1995, Robin completed a four-year apprenticeship at the Hallstatt School of Arts with distinction at the age of 19. His final work, a lute, was awarded the \u201cBest Instrument\u201d prize, solidifying his passion for creating stringed instruments and fingerings. Throughout his professional career, he worked in renowned workshops such as Tom\u00e1\u0161 Kaiser's in Bratislava and J\u00fcrgen Manthey's in Leipzig, where he produced violins, violas and cellos.<br \/><\/span><\/div>\t\t\t\t\t\t\t\t<\/div>\n\t\t\t\t<\/div>\n\t\t\t\t\t<\/div>\n\t\t<\/div>\n\t\t\t\t\t<\/div>\n\t\t<\/section>\n\t\t\t\t\t<\/div>\n\t\t<\/div>\n\t\t\t\t\t<\/div>\n\t\t<\/section>\n\t\t\t\t<section class=\"elementor-section elementor-top-section elementor-element elementor-element-a349c84 elementor-section-boxed elementor-section-height-default elementor-section-height-default\" data-id=\"a349c84\" data-element_type=\"section\" data-e-type=\"section\">\n\t\t\t\t\t\t<div class=\"elementor-container elementor-column-gap-default\">\n\t\t\t\t\t<div class=\"elementor-column elementor-col-50 elementor-top-column elementor-element elementor-element-19ba2d8\" data-id=\"19ba2d8\" data-element_type=\"column\" data-e-type=\"column\">\n\t\t\t<div class=\"elementor-widget-wrap elementor-element-populated\">\n\t\t\t\t\t\t<div class=\"elementor-element elementor-element-23f7789 elementor-widget__width-initial elementor-widget elementor-widget-image\" data-id=\"23f7789\" data-element_type=\"widget\" data-e-type=\"widget\" data-widget_type=\"image.default\">\n\t\t\t\t<div class=\"elementor-widget-container\">\n\t\t\t\t\t\t\t\t\t\t\t\t\t\t\t\t<a href=\"https:\/\/robinszombath.com\/\">\n\t\t\t\t\t\t\t<img decoding=\"async\" width=\"632\" height=\"838\" src=\"https:\/\/convimus.com\/wp-content\/uploads\/2025\/04\/Robin-Farbe_1.png\" class=\"attachment-large size-large wp-image-3527\" alt=\"\" srcset=\"https:\/\/convimus.com\/wp-content\/uploads\/2025\/04\/Robin-Farbe_1.png 632w, https:\/\/convimus.com\/wp-content\/uploads\/2025\/04\/Robin-Farbe_1-226x300.png 226w, https:\/\/convimus.com\/wp-content\/uploads\/2025\/04\/Robin-Farbe_1-9x12.png 9w\" sizes=\"(max-width: 632px) 100vw, 632px\" \/>\t\t\t\t\t\t\t\t<\/a>\n\t\t\t\t\t\t\t\t\t\t\t\t\t\t\t<\/div>\n\t\t\t\t<\/div>\n\t\t\t\t<div class=\"elementor-element elementor-element-760821c elementor-widget__width-initial elementor-widget elementor-widget-image\" data-id=\"760821c\" data-element_type=\"widget\" data-e-type=\"widget\" data-widget_type=\"image.default\">\n\t\t\t\t<div class=\"elementor-widget-container\">\n\t\t\t\t\t\t\t\t\t\t\t\t\t\t\t\t<a href=\"https:\/\/robinszombath.com\/\">\n\t\t\t\t\t\t\t<img decoding=\"async\" width=\"1395\" height=\"2560\" src=\"https:\/\/convimus.com\/wp-content\/uploads\/2025\/04\/Logo-ATELIER-SZOMBATH-scaled.jpg\" class=\"attachment-full size-full wp-image-3526\" alt=\"\" srcset=\"https:\/\/convimus.com\/wp-content\/uploads\/2025\/04\/Logo-ATELIER-SZOMBATH-scaled.jpg 1395w, https:\/\/convimus.com\/wp-content\/uploads\/2025\/04\/Logo-ATELIER-SZOMBATH-163x300.jpg 163w, https:\/\/convimus.com\/wp-content\/uploads\/2025\/04\/Logo-ATELIER-SZOMBATH-558x1024.jpg 558w, https:\/\/convimus.com\/wp-content\/uploads\/2025\/04\/Logo-ATELIER-SZOMBATH-768x1409.jpg 768w, https:\/\/convimus.com\/wp-content\/uploads\/2025\/04\/Logo-ATELIER-SZOMBATH-837x1536.jpg 837w, https:\/\/convimus.com\/wp-content\/uploads\/2025\/04\/Logo-ATELIER-SZOMBATH-1116x2048.jpg 1116w, https:\/\/convimus.com\/wp-content\/uploads\/2025\/04\/Logo-ATELIER-SZOMBATH-7x12.jpg 7w\" sizes=\"(max-width: 1395px) 100vw, 1395px\" \/>\t\t\t\t\t\t\t\t<\/a>\n\t\t\t\t\t\t\t\t\t\t\t\t\t\t\t<\/div>\n\t\t\t\t<\/div>\n\t\t\t\t\t<\/div>\n\t\t<\/div>\n\t\t\t\t<div class=\"elementor-column elementor-col-50 elementor-top-column elementor-element elementor-element-0d45fd2\" data-id=\"0d45fd2\" data-element_type=\"column\" data-e-type=\"column\">\n\t\t\t<div class=\"elementor-widget-wrap elementor-element-populated\">\n\t\t\t\t\t\t<div class=\"elementor-element elementor-element-edd6d1a elementor-widget elementor-widget-text-editor\" data-id=\"edd6d1a\" data-element_type=\"widget\" data-e-type=\"widget\" data-widget_type=\"text-editor.default\">\n\t\t\t\t<div class=\"elementor-widget-container\">\n\t\t\t\t\t\t\t\t\t<div style=\"text-align: justify;\">\u00a0<\/div><p><span style=\"font-weight: 400;\">After obtaining the master craftsman certificate with distinction in 2020 in the cities of Hamburg and Linz, he was awarded a scholarship to perfect his skills in various workshops in Austria, France, Ukraine and Portugal. Initially self-employed in Burgenland, compulsory Austrian civilian service abroad took him to Porto, where he founded his new master craftsman atelier. In 2022, he was awarded the bronze medal at the XIII Concorso Internazionale di Liuteria di Pisogne, a recognition that reinforces his dedication to craftsmanship and innovation in instrument making. Robin Szombath is also the founder of the Paredes-Meias Cooperative.<br \/><br \/><a href=\"https:\/\/robinszombath.com\/\">https:\/\/robinszombath.com\/<\/a><br \/><\/span><\/p>\t\t\t\t\t\t\t\t<\/div>\n\t\t\t\t<\/div>\n\t\t\t\t\t<\/div>\n\t\t<\/div>\n\t\t\t\t\t<\/div>\n\t\t<\/section>\n\t\t\t\t<section class=\"elementor-section elementor-top-section elementor-element elementor-element-a0cfc1b elementor-section-boxed elementor-section-height-default elementor-section-height-default\" data-id=\"a0cfc1b\" data-element_type=\"section\" data-e-type=\"section\">\n\t\t\t\t\t\t<div class=\"elementor-container elementor-column-gap-default\">\n\t\t\t\t\t<div class=\"elementor-column elementor-col-100 elementor-top-column elementor-element elementor-element-9fe06e7\" data-id=\"9fe06e7\" data-element_type=\"column\" data-e-type=\"column\">\n\t\t\t<div class=\"elementor-widget-wrap elementor-element-populated\">\n\t\t\t\t\t\t<div class=\"elementor-element elementor-element-5768c9f elementor-widget elementor-widget-spacer\" data-id=\"5768c9f\" data-element_type=\"widget\" data-e-type=\"widget\" data-widget_type=\"spacer.default\">\n\t\t\t\t<div class=\"elementor-widget-container\">\n\t\t\t\t\t\t\t<div class=\"elementor-spacer\">\n\t\t\t<div class=\"elementor-spacer-inner\"><\/div>\n\t\t<\/div>\n\t\t\t\t\t\t<\/div>\n\t\t\t\t<\/div>\n\t\t\t\t\t<\/div>\n\t\t<\/div>\n\t\t\t\t\t<\/div>\n\t\t<\/section>\n\t\t\t\t<section class=\"elementor-section elementor-top-section elementor-element elementor-element-021b74b elementor-section-boxed elementor-section-height-default elementor-section-height-default\" data-id=\"021b74b\" data-element_type=\"section\" data-e-type=\"section\">\n\t\t\t\t\t\t<div class=\"elementor-container elementor-column-gap-default\">\n\t\t\t\t\t<div class=\"elementor-column elementor-col-100 elementor-top-column elementor-element elementor-element-f9d4773\" data-id=\"f9d4773\" data-element_type=\"column\" data-e-type=\"column\">\n\t\t\t<div class=\"elementor-widget-wrap\">\n\t\t\t\t\t\t\t<\/div>\n\t\t<\/div>\n\t\t\t\t\t<\/div>\n\t\t<\/section>\n\t\t\t\t<section class=\"elementor-section elementor-top-section elementor-element elementor-element-ceb400f elementor-section-boxed elementor-section-height-default elementor-section-height-default\" data-id=\"ceb400f\" data-element_type=\"section\" data-e-type=\"section\">\n\t\t\t\t\t\t<div class=\"elementor-container elementor-column-gap-default\">\n\t\t\t\t\t<div class=\"elementor-column elementor-col-50 elementor-top-column elementor-element elementor-element-8cebea5\" data-id=\"8cebea5\" data-element_type=\"column\" data-e-type=\"column\">\n\t\t\t<div class=\"elementor-widget-wrap elementor-element-populated\">\n\t\t\t\t\t\t<div class=\"elementor-element elementor-element-9583ad0 elementor-widget elementor-widget-image\" data-id=\"9583ad0\" data-element_type=\"widget\" data-e-type=\"widget\" data-widget_type=\"image.default\">\n\t\t\t\t<div class=\"elementor-widget-container\">\n\t\t\t\t\t\t\t\t\t\t\t\t\t\t\t\t<a href=\"http:\/\/www.constructlab.net\/paredes-meias\">\n\t\t\t\t\t\t\t<img loading=\"lazy\" decoding=\"async\" width=\"800\" height=\"297\" src=\"https:\/\/convimus.com\/wp-content\/uploads\/2025\/04\/Logo-PAREDES-MEIAS-CRL-1-1024x380.jpg\" class=\"attachment-large size-large wp-image-3531\" alt=\"\" srcset=\"https:\/\/convimus.com\/wp-content\/uploads\/2025\/04\/Logo-PAREDES-MEIAS-CRL-1-1024x380.jpg 1024w, https:\/\/convimus.com\/wp-content\/uploads\/2025\/04\/Logo-PAREDES-MEIAS-CRL-1-300x111.jpg 300w, https:\/\/convimus.com\/wp-content\/uploads\/2025\/04\/Logo-PAREDES-MEIAS-CRL-1-768x285.jpg 768w, https:\/\/convimus.com\/wp-content\/uploads\/2025\/04\/Logo-PAREDES-MEIAS-CRL-1-1536x570.jpg 1536w, https:\/\/convimus.com\/wp-content\/uploads\/2025\/04\/Logo-PAREDES-MEIAS-CRL-1-2048x760.jpg 2048w, https:\/\/convimus.com\/wp-content\/uploads\/2025\/04\/Logo-PAREDES-MEIAS-CRL-1-18x7.jpg 18w\" sizes=\"(max-width: 800px) 100vw, 800px\" \/>\t\t\t\t\t\t\t\t<\/a>\n\t\t\t\t\t\t\t\t\t\t\t\t\t\t\t<\/div>\n\t\t\t\t<\/div>\n\t\t\t\t\t<\/div>\n\t\t<\/div>\n\t\t\t\t<div class=\"elementor-column elementor-col-50 elementor-top-column elementor-element elementor-element-cc6523d\" data-id=\"cc6523d\" data-element_type=\"column\" data-e-type=\"column\">\n\t\t\t<div class=\"elementor-widget-wrap elementor-element-populated\">\n\t\t\t\t\t\t<div class=\"elementor-element elementor-element-29d1ab1 elementor-widget elementor-widget-text-editor\" data-id=\"29d1ab1\" data-element_type=\"widget\" data-e-type=\"widget\" data-widget_type=\"text-editor.default\">\n\t\t\t\t<div class=\"elementor-widget-container\">\n\t\t\t\t\t\t\t\t\t<div style=\"text-align: justify;\">\u00a0<\/div><p><span style=\"font-weight: 400;\">Paredes-Meias, in common parlance, means that two houses share a single wall, distributing the supporting forces among its various pillars. This is the name of the COOPERATIVE that we are forming in 2023. Its main motto is to develop socio-cultural projects as a team, whether they are cooperators, partners or communities. Developing current ways of realizing knowledge, exploring innovative skills and tools and making them available to all the communities around them.<\/span><\/p><p><span style=\"font-weight: 400;\">PAREDES-MEIAS brings together various professions such as scenography, architecture, lutherie, carpentry in various workshops and organizes workshops in Portugal and abroad. We are associated with the CONSTRUCTLAB network, an international laboratory that promotes a constant sharing of themes, experiences and methodologies with different contexts and geographies, and which contributes to enriching and deepening our own experience.<br \/><br \/><a href=\"http:\/\/www.constructlab.net\/paredes-meias\">http:\/\/www.constructlab.net\/paredes-meias<\/a><br \/><\/span><\/p><p>\u00a0<\/p>\t\t\t\t\t\t\t\t<\/div>\n\t\t\t\t<\/div>\n\t\t\t\t\t<\/div>\n\t\t<\/div>\n\t\t\t\t\t<\/div>\n\t\t<\/section>\n\t\t\t\t<section class=\"elementor-section elementor-top-section elementor-element elementor-element-888c1a6 elementor-section-boxed elementor-section-height-default elementor-section-height-default\" data-id=\"888c1a6\" data-element_type=\"section\" data-e-type=\"section\">\n\t\t\t\t\t\t<div class=\"elementor-container elementor-column-gap-default\">\n\t\t\t\t\t<div class=\"elementor-column elementor-col-100 elementor-top-column elementor-element elementor-element-714fbfe\" data-id=\"714fbfe\" data-element_type=\"column\" data-e-type=\"column\">\n\t\t\t<div class=\"elementor-widget-wrap elementor-element-populated\">\n\t\t\t\t\t\t<div class=\"elementor-element elementor-element-a47d87e elementor-widget elementor-widget-spacer\" data-id=\"a47d87e\" data-element_type=\"widget\" data-e-type=\"widget\" data-widget_type=\"spacer.default\">\n\t\t\t\t<div class=\"elementor-widget-container\">\n\t\t\t\t\t\t\t<div class=\"elementor-spacer\">\n\t\t\t<div class=\"elementor-spacer-inner\"><\/div>\n\t\t<\/div>\n\t\t\t\t\t\t<\/div>\n\t\t\t\t<\/div>\n\t\t\t\t\t<\/div>\n\t\t<\/div>\n\t\t\t\t\t<\/div>\n\t\t<\/section>\n\t\t\t\t<section class=\"elementor-section elementor-top-section elementor-element elementor-element-e719b0f elementor-section-boxed elementor-section-height-default elementor-section-height-default\" data-id=\"e719b0f\" data-element_type=\"section\" data-e-type=\"section\">\n\t\t\t\t\t\t<div class=\"elementor-container elementor-column-gap-default\">\n\t\t\t\t\t<div class=\"elementor-column elementor-col-100 elementor-top-column elementor-element elementor-element-54f3b8d\" data-id=\"54f3b8d\" data-element_type=\"column\" data-e-type=\"column\">\n\t\t\t<div class=\"elementor-widget-wrap elementor-element-populated\">\n\t\t\t\t\t\t<div class=\"elementor-element elementor-element-0e95c15 elementor-widget elementor-widget-spacer\" data-id=\"0e95c15\" data-element_type=\"widget\" data-e-type=\"widget\" data-widget_type=\"spacer.default\">\n\t\t\t\t<div class=\"elementor-widget-container\">\n\t\t\t\t\t\t\t<div class=\"elementor-spacer\">\n\t\t\t<div class=\"elementor-spacer-inner\"><\/div>\n\t\t<\/div>\n\t\t\t\t\t\t<\/div>\n\t\t\t\t<\/div>\n\t\t\t\t\t<\/div>\n\t\t<\/div>\n\t\t\t\t\t<\/div>\n\t\t<\/section>\n\t\t\t\t<\/div>","protected":false},"excerpt":{"rendered":"<p>LUTHERIE EXHIBITIONS A exposi\u00e7\u00e3o pretende reunir luthiers profissionais portugueses e internacionais para apresentar o seu trabalho, partilhar conhecimentos e proporcionar aos m\u00fasicos e a todos os interessados na arte da luteria e da m\u00fasica uma troca de experi\u00eancias sobre o trabalho artesanal, a avalia\u00e7\u00e3o sonora e a possibilidade de ouvir e comparar instrumentos num ambiente [&hellip;]<\/p>\n","protected":false},"author":1,"featured_media":0,"parent":0,"menu_order":0,"comment_status":"closed","ping_status":"closed","template":"elementor_header_footer","meta":{"footnotes":""},"class_list":["post-111","page","type-page","status-publish","hentry"],"_links":{"self":[{"href":"https:\/\/convimus.com\/en\/wp-json\/wp\/v2\/pages\/111","targetHints":{"allow":["GET"]}}],"collection":[{"href":"https:\/\/convimus.com\/en\/wp-json\/wp\/v2\/pages"}],"about":[{"href":"https:\/\/convimus.com\/en\/wp-json\/wp\/v2\/types\/page"}],"author":[{"embeddable":true,"href":"https:\/\/convimus.com\/en\/wp-json\/wp\/v2\/users\/1"}],"replies":[{"embeddable":true,"href":"https:\/\/convimus.com\/en\/wp-json\/wp\/v2\/comments?post=111"}],"version-history":[{"count":127,"href":"https:\/\/convimus.com\/en\/wp-json\/wp\/v2\/pages\/111\/revisions"}],"predecessor-version":[{"id":4381,"href":"https:\/\/convimus.com\/en\/wp-json\/wp\/v2\/pages\/111\/revisions\/4381"}],"wp:attachment":[{"href":"https:\/\/convimus.com\/en\/wp-json\/wp\/v2\/media?parent=111"}],"curies":[{"name":"wp","href":"https:\/\/api.w.org\/{rel}","templated":true}]}}